{"id":10234,"date":"2021-06-13T11:03:28","date_gmt":"2021-06-13T11:03:28","guid":{"rendered":"https:\/\/www.szu.lt\/%d1%81%d0%b2%d1%8f%d0%b7%d0%b0%d1%82%d1%8c%d1%81%d1%8f-%d1%81\/"},"modified":"2024-12-10T09:03:33","modified_gmt":"2024-12-10T09:03:33","slug":"%d1%81%d0%b2%d1%8f%d0%b7%d0%b0%d1%82%d1%8c%d1%81%d1%8f-%d1%81","status":"publish","type":"page","link":"https:\/\/www.szu.lt\/ru\/%d1%81%d0%b2%d1%8f%d0%b7%d0%b0%d1%82%d1%8c%d1%81%d1%8f-%d1%81\/","title":{"rendered":"\u0421\u0432\u044f\u0437\u0430\u0442\u044c\u0441\u044f \u0441"},"content":{"rendered":"\t\t<div data-elementor-type=\"wp-page\" data-elementor-id=\"10234\" class=\"elementor elementor-10234 elementor-4804\" data-elementor-post-type=\"page\">\n\t\t\t\t<div class=\"elementor-element elementor-element-9fc451f e-flex e-con-boxed e-con e-parent\" data-id=\"9fc451f\" data-element_type=\"container\">\n\t\t\t\t\t<div class=\"e-con-inner\">\n\t\t<div class=\"elementor-element elementor-element-1ee6f4a e-con-full e-flex e-con e-child\" data-id=\"1ee6f4a\" data-element_type=\"container\">\n\t\t\t\t<div class=\"elementor-element elementor-element-30de4b7 elementor-widget elementor-widget-text-editor\" data-id=\"30de4b7\" data-element_type=\"widget\" data-widget_type=\"text-editor.default\">\n\t\t\t\t<div class=\"elementor-widget-container\">\n\t\t\t\t\t\t\t\t\t<p><strong>\u0417\u0410\u041e &#171;\u0428\u0430\u043b\u044c\u0447\u0438\u043d\u0438\u043d\u043a\u0430\u0439\u0441\u043a\u0430\u044f \u0440\u044b\u0431\u043d\u0430\u044f \u0444\u0435\u0440\u043c\u0430<\/strong><br \/>\u0420\u0435\u0433. \u043d\u043e\u043c\u0435\u0440: LT-17127 \u0428\u0430\u043b\u044c\u0447\u0438\u043d\u0438\u043d\u043a\u0430\u0439\u0441\u043a\u0438\u0439 \u0440\u0430\u0439\u043e\u043d.<br \/>\u0422\u0440\u0438\u0431\u043e\u043d\u0438\u0441 \u043a\u043c., \u041b\u0438\u0442\u0432\u0430<\/p><p>\u0423\u043b\u0438\u0446\u0430 \u041f\u0430\u0440\u043a\u043e 1, \u043f\u043e\u0441\u0435\u043b\u043e\u043a \u0422\u0440\u0438\u0431\u043e\u043d\u0438\u0439,<br \/>\u0428\u0430\u043b\u044c\u0447\u0438\u043d\u0438\u043d\u043a\u0430\u0439\u0441\u043a\u0438\u0439 \u0440\u0430\u0439\u043e\u043d, LT-17127, \u041b\u0438\u0442\u0432\u0430.<br \/>\u0422\u0435\u043b. +370 5 270 50 50<br \/>\u0420\u044b\u0431\u0430\u043a \u0418\u0440\u0435\u043d\u0430 \u0427\u0435\u043d\u044f\u0443\u0441\u043a\u0435\u043d\u0435 : +370 6 128 66 58<br \/>\u0410\u0433\u0440\u043e\u043d\u043e\u043c : +370 6 167 74 38<br \/>\u042d\u043b\u0435\u043a\u0442\u0440\u043e\u043d\u043d\u0430\u044f \u043f\u043e\u0447\u0442\u0430..:\u00a0<a href=\"mailto:salcininkuzuvis@szu.lt\">salcininkuzuvis@szu.lt<\/a><\/p><p><strong>\u0420\u0435\u043a\u0432\u0438\u0437\u0438\u0442\u044b \u0434\u043b\u044f<\/strong><br \/>\u041e\u0442\u0432\u0435\u0442. OJ L 283, 30.12.2003, p. 1. LT204010044400000144<br \/>Luminor bankas, AB \u0428\u0430\u043b\u044c\u0447\u0438\u043d\u0438\u043d\u043a\u0430\u0439\u0441\u043a\u0438\u0439 \u0444\u0438\u043b\u0438\u0430\u043b<br \/>\u041a\u043e\u0434 \u0431\u0430\u043d\u043a\u0430: 40100<br \/>\u041a\u043e\u043c\u043f\u0430\u043d\u0438\u044f. \u041a\u043e\u0434: 174901124<br \/>\u0418\u0414\u0415\u041d\u0422\u0418\u0424\u0418\u041a\u0410\u0422\u041e\u0420 \u041d\u0414\u0421: EN 749011219<\/p>\t\t\t\t\t\t\t\t<\/div>\n\t\t\t\t<\/div>\n\t\t\t\t<\/div>\n\t\t<div class=\"elementor-element elementor-element-4e43f39 e-con-full e-flex e-con e-child\" data-id=\"4e43f39\" data-element_type=\"container\">\n\t\t\t\t<div class=\"elementor-element elementor-element-229c4a9 elementor-widget elementor-widget-google_maps\" data-id=\"229c4a9\" data-element_type=\"widget\" data-widget_type=\"google_maps.default\">\n\t\t\t\t<div class=\"elementor-widget-container\">\n\t\t\t\t\t\t\t<div class=\"elementor-custom-embed\">\n\t\t\t<iframe loading=\"lazy\"\n\t\t\t\t\tsrc=\"https:\/\/maps.google.com\/maps?q=%C5%A0al%C4%8Dinink%C5%B3%20%C5%BEuvininkyst%C4%97s%20%C5%ABkis&#038;t=m&#038;z=14&#038;output=embed&#038;iwloc=near\"\n\t\t\t\t\ttitle=\"\u0160al\u010dinink\u0173 \u017euvininkyst\u0117s \u016bkis\"\n\t\t\t\t\taria-label=\"\u0160al\u010dinink\u0173 \u017euvininkyst\u0117s \u016bkis\"\n\t\t\t><\/iframe>\n\t\t<\/div>\n\t\t\t\t\t\t<\/div>\n\t\t\t\t<\/div>\n\t\t\t\t<\/div>\n\t\t\t\t\t<\/div>\n\t\t\t\t<\/div>\n\t\t\t\t<section class=\"elementor-section elementor-top-section elementor-element elementor-element-bffd5c3 elementor-section-boxed elementor-section-height-default elementor-section-height-default\" data-id=\"bffd5c3\" data-element_type=\"section\">\n\t\t\t\t\t\t<div class=\"elementor-container elementor-column-gap-wider\">\n\t\t\t\t\t<div class=\"elementor-column elementor-col-100 elementor-top-column elementor-element elementor-element-705d7b3\" data-id=\"705d7b3\" data-element_type=\"column\">\n\t\t\t<div class=\"elementor-widget-wrap elementor-element-populated\">\n\t\t\t\t\t\t<section class=\"elementor-section elementor-inner-section elementor-element elementor-element-b1c8e8b elementor-section-boxed elementor-section-height-default elementor-section-height-default\" data-id=\"b1c8e8b\" data-element_type=\"section\" data-settings=\"{&quot;background_background&quot;:&quot;classic&quot;}\">\n\t\t\t\t\t\t<div class=\"elementor-container elementor-column-gap-wider\">\n\t\t\t\t\t<div class=\"elementor-column elementor-col-100 elementor-inner-column elementor-element elementor-element-3ab05a7\" data-id=\"3ab05a7\" data-element_type=\"column\">\n\t\t\t<div class=\"elementor-widget-wrap elementor-element-populated\">\n\t\t\t\t\t\t<div class=\"elementor-element elementor-element-921fd84 elementor-widget elementor-widget-heading\" data-id=\"921fd84\" data-element_type=\"widget\" data-widget_type=\"heading.default\">\n\t\t\t\t<div class=\"elementor-widget-container\">\n\t\t\t\t\t<h4 class=\"elementor-heading-title elementor-size-default\">\u0412\u043e\u043f\u0440\u043e\u0441\u044b? \u041f\u043e\u0436\u0430\u043b\u0443\u0439\u0441\u0442\u0430, \u0441\u0432\u044f\u0436\u0438\u0442\u0435\u0441\u044c \u0441<\/h4>\t\t\t\t<\/div>\n\t\t\t\t<\/div>\n\t\t\t\t<div class=\"elementor-element elementor-element-1b19951 elementor-widget elementor-widget-spacer\" data-id=\"1b19951\" data-element_type=\"widget\" data-widget_type=\"spacer.default\">\n\t\t\t\t<div class=\"elementor-widget-container\">\n\t\t\t\t\t\t\t<div class=\"elementor-spacer\">\n\t\t\t<div class=\"elementor-spacer-inner\"><\/div>\n\t\t<\/div>\n\t\t\t\t\t\t<\/div>\n\t\t\t\t<\/div>\n\t\t\t\t<div class=\"elementor-element elementor-element-4d9534a elementor-button-align-stretch elementor-widget elementor-widget-form\" data-id=\"4d9534a\" data-element_type=\"widget\" data-settings=\"{&quot;step_next_label&quot;:&quot;\\u0421\\u043b\\u0435\\u0434\\u0443\\u044e\\u0449\\u0438\\u0439&quot;,&quot;step_previous_label&quot;:&quot;\\u041f\\u0440\\u0435\\u0434\\u044b\\u0434\\u0443\\u0449\\u0438\\u0439&quot;,&quot;button_width&quot;:&quot;100&quot;,&quot;step_type&quot;:&quot;number_text&quot;,&quot;step_icon_shape&quot;:&quot;circle&quot;}\" data-widget_type=\"form.default\">\n\t\t\t\t<div class=\"elementor-widget-container\">\n\t\t\t\t\t\t\t<form class=\"elementor-form\" method=\"post\" name=\"\u041d\u043e\u0432\u0430\u044f \u0444\u043e\u0440\u043c\u0430\" aria-label=\"\u041d\u043e\u0432\u0430\u044f \u0444\u043e\u0440\u043c\u0430\">\n\t\t\t<input type=\"hidden\" name=\"post_id\" value=\"10234\"\/>\n\t\t\t<input type=\"hidden\" name=\"form_id\" value=\"4d9534a\"\/>\n\t\t\t<input type=\"hidden\" name=\"referer_title\" value=\"\u0421\u0432\u044f\u0437\u0430\u0442\u044c\u0441\u044f \u0441 | SZU - \u0160al\u010dinink\u0173 \u017duvininkyst\u0117s \u016akis\" \/>\n\n\t\t\t\t\t\t\t<input type=\"hidden\" name=\"queried_id\" value=\"10234\"\/>\n\t\t\t\n\t\t\t<div class=\"elementor-form-fields-wrapper elementor-labels-above\">\n\t\t\t\t\t\t\t\t<div class=\"elementor-field-type-text elementor-field-group elementor-column elementor-field-group-name elementor-col-100 elementor-field-required elementor-mark-required\">\n\t\t\t\t\t\t\t\t\t\t\t\t<label for=\"form-field-name\" class=\"elementor-field-label\">\n\t\t\t\t\t\t\t\t\u0418\u043c\u044f\t\t\t\t\t\t\t<\/label>\n\t\t\t\t\t\t\t\t\t\t\t\t\t\t<input size=\"1\" type=\"text\" name=\"form_fields[name]\" id=\"form-field-name\" class=\"elementor-field elementor-size-lg  elementor-field-textual\" placeholder=\"\u0418\u043c\u044f\" required=\"required\">\n\t\t\t\t\t\t\t\t\t\t\t<\/div>\n\t\t\t\t\t\t\t\t<div class=\"elementor-field-type-email elementor-field-group elementor-column elementor-field-group-email elementor-col-100 elementor-field-required elementor-mark-required\">\n\t\t\t\t\t\t\t\t\t\t\t\t<label for=\"form-field-email\" class=\"elementor-field-label\">\n\t\t\t\t\t\t\t\t\u042d\u043b\u0435\u043a\u0442\u0440\u043e\u043d\u043d\u0430\u044f \u043f\u043e\u0447\u0442\u0430\t\t\t\t\t\t\t<\/label>\n\t\t\t\t\t\t\t\t\t\t\t\t\t\t<input size=\"1\" type=\"email\" name=\"form_fields[email]\" id=\"form-field-email\" class=\"elementor-field elementor-size-lg  elementor-field-textual\" placeholder=\"\u042d\u043b\u0435\u043a\u0442\u0440\u043e\u043d\u043d\u0430\u044f \u043f\u043e\u0447\u0442\u0430\" required=\"required\">\n\t\t\t\t\t\t\t\t\t\t\t<\/div>\n\t\t\t\t\t\t\t\t<div class=\"elementor-field-type-textarea elementor-field-group elementor-column elementor-field-group-message elementor-col-100\">\n\t\t\t\t\t\t\t\t\t\t\t\t<label for=\"form-field-message\" class=\"elementor-field-label\">\n\t\t\t\t\t\t\t\t\u0421\u043e\u043e\u0431\u0449\u0435\u043d\u0438\u0435 \u0434\u043b\u044f\t\t\t\t\t\t\t<\/label>\n\t\t\t\t\t\t<textarea class=\"elementor-field-textual elementor-field  elementor-size-lg\" name=\"form_fields[message]\" id=\"form-field-message\" rows=\"6\" placeholder=\"\u0421\u043e\u043e\u0431\u0449\u0435\u043d\u0438\u0435 \u0434\u043b\u044f\"><\/textarea>\t\t\t\t<\/div>\n\t\t\t\t\t\t\t\t<div class=\"elementor-field-type-acceptance elementor-field-group elementor-column elementor-field-group-field_27e51b66a elementor-col-100\">\n\t\t\t\t\t\t\t<div class=\"elementor-field-subgroup\">\n\t\t\t<span class=\"elementor-field-option\">\n\t\t\t\t<input type=\"checkbox\" name=\"form_fields[field_27e51b66a]\" id=\"form-field-field_27e51b66a\" class=\"elementor-field elementor-size-lg  elementor-acceptance-field\">\n\t\t\t\t<label for=\"form-field-field_27e51b66a\">\u0418\u0441\u043f\u043e\u043b\u044c\u0437\u0443\u044f \u044d\u0442\u0443 \u0444\u043e\u0440\u043c\u0443, \u0432\u044b \u0434\u0430\u0435\u0442\u0435 \u0441\u043e\u0433\u043b\u0430\u0441\u0438\u0435 \u043d\u0430 \u0445\u0440\u0430\u043d\u0435\u043d\u0438\u0435 \u0438 \u043e\u0431\u0440\u0430\u0431\u043e\u0442\u043a\u0443 \u0432\u0430\u0448\u0438\u0445 \u0434\u0430\u043d\u043d\u044b\u0445 \u043d\u0430 \u044d\u0442\u043e\u043c \u0441\u0430\u0439\u0442\u0435.<\/label>\t\t\t<\/span>\n\t\t<\/div>\n\t\t\t\t\t\t<\/div>\n\t\t\t\t\t\t\t\t<div class=\"elementor-field-group elementor-column elementor-field-type-submit elementor-col-100 e-form__buttons\">\n\t\t\t\t\t<button class=\"elementor-button elementor-size-lg\" type=\"submit\">\n\t\t\t\t\t\t<span class=\"elementor-button-content-wrapper\">\n\t\t\t\t\t\t\t\t\t\t\t\t\t\t\t\t\t\t\t\t\t\t<span class=\"elementor-button-text\">\u041e\u0442\u043f\u0440\u0430\u0432\u0438\u0442\u044c \u0441\u043e\u043e\u0431\u0449\u0435\u043d\u0438\u0435<\/span>\n\t\t\t\t\t\t\t\t\t\t\t\t\t<\/span>\n\t\t\t\t\t<\/button>\n\t\t\t\t<\/div>\n\t\t\t<\/div>\n\t\t<\/form>\n\t\t\t\t\t\t<\/div>\n\t\t\t\t<\/div>\n\t\t\t\t\t<\/div>\n\t\t<\/div>\n\t\t\t\t\t<\/div>\n\t\t<\/section>\n\t\t\t\t\t<\/div>\n\t\t<\/div>\n\t\t\t\t\t<\/div>\n\t\t<\/section>\n\t\t<div class=\"elementor-element elementor-element-e3cd413 e-flex e-con-boxed e-con e-parent\" data-id=\"e3cd413\" data-element_type=\"container\">\n\t\t\t\t\t<div class=\"e-con-inner\">\n\t\t\t\t<div class=\"elementor-element elementor-element-80e08a7 elementor-widget elementor-widget-heading\" data-id=\"80e08a7\" data-element_type=\"widget\" data-widget_type=\"heading.default\">\n\t\t\t\t<div class=\"elementor-widget-container\">\n\t\t\t\t\t<h2 class=\"elementor-heading-title elementor-size-default\">\u041d\u0430\u0448\u0438 \u043f\u0430\u0440\u0442\u043d\u0435\u0440\u044b<\/h2>\t\t\t\t<\/div>\n\t\t\t\t<\/div>\n\t\t\t\t\t<\/div>\n\t\t\t\t<\/div>\n\t\t<div class=\"elementor-element elementor-element-82e5fb7 e-flex e-con-boxed e-con e-parent\" data-id=\"82e5fb7\" data-element_type=\"container\">\n\t\t\t\t\t<div class=\"e-con-inner\">\n\t\t<div class=\"elementor-element elementor-element-3ac7e50 e-con-full e-flex e-con e-child\" data-id=\"3ac7e50\" data-element_type=\"container\">\n\t\t\t\t<div class=\"elementor-element elementor-element-b445599 elementor-widget elementor-widget-image\" data-id=\"b445599\" data-element_type=\"widget\" data-widget_type=\"image.default\">\n\t\t\t\t<div class=\"elementor-widget-container\">\n\t\t\t\t\t\t\t\t\t\t\t\t\t\t\t<img decoding=\"async\" width=\"273\" height=\"141\" src=\"https:\/\/www.szu.lt\/wp-content\/uploads\/2023\/11\/Vilkauda-logo.jpg\" class=\"attachment-large size-large wp-image-10029\" alt=\"\" \/>\t\t\t\t\t\t\t\t\t\t\t\t\t\t\t<\/div>\n\t\t\t\t<\/div>\n\t\t\t\t<\/div>\n\t\t<div class=\"elementor-element elementor-element-4f12ac6 e-con-full e-flex e-con e-child\" data-id=\"4f12ac6\" data-element_type=\"container\">\n\t\t\t\t<div class=\"elementor-element elementor-element-b0eec70 elementor-widget elementor-widget-image\" data-id=\"b0eec70\" data-element_type=\"widget\" data-widget_type=\"image.default\">\n\t\t\t\t<div class=\"elementor-widget-container\">\n\t\t\t\t\t\t\t\t\t\t\t\t\t\t\t<img fetchpriority=\"high\" decoding=\"async\" width=\"356\" height=\"141\" src=\"https:\/\/www.szu.lt\/wp-content\/uploads\/2023\/11\/Kurana-logo.jpg\" class=\"attachment-large size-large wp-image-10027\" alt=\"\" \/>\t\t\t\t\t\t\t\t\t\t\t\t\t\t\t<\/div>\n\t\t\t\t<\/div>\n\t\t\t\t<\/div>\n\t\t<div class=\"elementor-element elementor-element-4e49e0d e-con-full e-flex e-con e-child\" data-id=\"4e49e0d\" data-element_type=\"container\">\n\t\t\t\t<div class=\"elementor-element elementor-element-0424096 elementor-widget elementor-widget-image\" data-id=\"0424096\" data-element_type=\"widget\" data-widget_type=\"image.default\">\n\t\t\t\t<div class=\"elementor-widget-container\">\n\t\t\t\t\t\t\t\t\t\t\t\t\t\t\t<img decoding=\"async\" width=\"178\" height=\"141\" src=\"https:\/\/www.szu.lt\/wp-content\/uploads\/2023\/11\/IKI_logo.jpg\" class=\"attachment-large size-large wp-image-10025\" alt=\"\" \/>\t\t\t\t\t\t\t\t\t\t\t\t\t\t\t<\/div>\n\t\t\t\t<\/div>\n\t\t\t\t<\/div>\n\t\t<div class=\"elementor-element elementor-element-76fad14 e-con-full e-flex e-con e-child\" data-id=\"76fad14\" data-element_type=\"container\">\n\t\t\t\t<div class=\"elementor-element elementor-element-10b6e6c elementor-widget elementor-widget-image\" data-id=\"10b6e6c\" data-element_type=\"widget\" data-widget_type=\"image.default\">\n\t\t\t\t<div class=\"elementor-widget-container\">\n\t\t\t\t\t\t\t\t\t\t\t\t\t\t\t<img loading=\"lazy\" decoding=\"async\" width=\"140\" height=\"141\" src=\"https:\/\/www.szu.lt\/wp-content\/uploads\/2023\/11\/ezgif-4-65d4dc4ad0.jpg\" class=\"attachment-large size-large wp-image-10023\" alt=\"\" \/>\t\t\t\t\t\t\t\t\t\t\t\t\t\t\t<\/div>\n\t\t\t\t<\/div>\n\t\t\t\t<\/div>\n\t\t<div class=\"elementor-element elementor-element-94deea2 e-con-full e-flex e-con e-child\" data-id=\"94deea2\" data-element_type=\"container\">\n\t\t\t\t<div class=\"elementor-element elementor-element-d7d7717 elementor-widget elementor-widget-image\" data-id=\"d7d7717\" data-element_type=\"widget\" data-widget_type=\"image.default\">\n\t\t\t\t<div class=\"elementor-widget-container\">\n\t\t\t\t\t\t\t\t\t\t\t\t\t\t\t<img loading=\"lazy\" decoding=\"async\" width=\"209\" height=\"81\" src=\"https:\/\/www.szu.lt\/wp-content\/uploads\/2023\/11\/Baltic-Agro-logo.jpg\" class=\"attachment-large size-large wp-image-10021\" alt=\"\" \/>\t\t\t\t\t\t\t\t\t\t\t\t\t\t\t<\/div>\n\t\t\t\t<\/div>\n\t\t\t\t<\/div>\n\t\t<div class=\"elementor-element elementor-element-59e2d37 e-con-full e-flex e-con e-child\" data-id=\"59e2d37\" data-element_type=\"container\">\n\t\t\t\t<div class=\"elementor-element elementor-element-7fc790e elementor-widget elementor-widget-image\" data-id=\"7fc790e\" data-element_type=\"widget\" data-widget_type=\"image.default\">\n\t\t\t\t<div class=\"elementor-widget-container\">\n\t\t\t\t\t\t\t\t\t\t\t\t\t\t\t<img loading=\"lazy\" decoding=\"async\" width=\"269\" height=\"141\" src=\"https:\/\/www.szu.lt\/wp-content\/uploads\/2023\/11\/Agro-Rodeo-logo.jpg\" class=\"attachment-large size-large wp-image-10019\" alt=\"\" \/>\t\t\t\t\t\t\t\t\t\t\t\t\t\t\t<\/div>\n\t\t\t\t<\/div>\n\t\t\t\t<\/div>\n\t\t\t\t\t<\/div>\n\t\t\t\t<\/div>\n\t\t<div class=\"elementor-element elementor-element-1f4e83b e-flex e-con-boxed e-con e-parent\" data-id=\"1f4e83b\" data-element_type=\"container\">\n\t\t\t\t\t<div class=\"e-con-inner\">\n\t\t\t\t<div class=\"elementor-element elementor-element-59160cd elementor-widget elementor-widget-image\" data-id=\"59160cd\" data-element_type=\"widget\" data-widget_type=\"image.default\">\n\t\t\t\t<div class=\"elementor-widget-container\">\n\t\t\t\t\t\t\t\t\t\t\t\t\t\t\t<img loading=\"lazy\" decoding=\"async\" width=\"523\" height=\"125\" src=\"https:\/\/www.szu.lt\/wp-content\/uploads\/2023\/11\/lzrvvgt.jpg\" class=\"attachment-large size-large wp-image-10031\" alt=\"\" \/>\t\t\t\t\t\t\t\t\t\t\t\t\t\t\t<\/div>\n\t\t\t\t<\/div>\n\t\t\t\t\t<\/div>\n\t\t\t\t<\/div>\n\t\t\t\t<\/div>\n\t\t","protected":false},"excerpt":{"rendered":"<p>\u0417\u0410\u041e &#171;\u0428\u0430\u043b\u044c\u0447\u0438\u043d\u0438\u043d\u043a\u0430\u0439\u0441\u043a\u0430\u044f \u0440\u044b\u0431\u043d\u0430\u044f \u0444\u0435\u0440\u043c\u0430\u0420\u0435\u0433. \u043d\u043e\u043c\u0435\u0440: LT-17127 \u0428\u0430\u043b\u044c\u0447\u0438\u043d\u0438\u043d\u043a\u0430\u0439\u0441\u043a\u0438\u0439 \u0440\u0430\u0439\u043e\u043d.\u0422\u0440\u0438\u0431\u043e\u043d\u0438\u0441 \u043a\u043c., \u041b\u0438\u0442\u0432\u0430 \u0423\u043b\u0438\u0446\u0430 \u041f\u0430\u0440\u043a\u043e 1, \u043f\u043e\u0441\u0435\u043b\u043e\u043a \u0422\u0440\u0438\u0431\u043e\u043d\u0438\u0439,\u0428\u0430\u043b\u044c\u0447\u0438\u043d\u0438\u043d\u043a\u0430\u0439\u0441\u043a\u0438\u0439 \u0440\u0430\u0439\u043e\u043d, LT-17127, \u041b\u0438\u0442\u0432\u0430.\u0422\u0435\u043b. +370 5 270 50 50\u0420\u044b\u0431\u0430\u043a \u0418\u0440\u0435\u043d\u0430 \u0427\u0435\u043d\u044f\u0443\u0441\u043a\u0435\u043d\u0435 : +370 6 128 66 58\u0410\u0433\u0440\u043e\u043d\u043e\u043c : +370 6 167 74 38\u042d\u043b\u0435\u043a\u0442\u0440\u043e\u043d\u043d\u0430\u044f \u043f\u043e\u0447\u0442\u0430..:\u00a0salcininkuzuvis@szu.lt \u0420\u0435\u043a\u0432\u0438\u0437\u0438\u0442\u044b \u0434\u043b\u044f\u041e\u0442\u0432\u0435\u0442. OJ L 283, 30.12.2003, p. 1. LT204010044400000144Luminor bankas, AB \u0428\u0430\u043b\u044c\u0447\u0438\u043d\u0438\u043d\u043a\u0430\u0439\u0441\u043a\u0438\u0439 \u0444\u0438\u043b\u0438\u0430\u043b\u041a\u043e\u0434 \u0431\u0430\u043d\u043a\u0430: 40100\u041a\u043e\u043c\u043f\u0430\u043d\u0438\u044f. \u041a\u043e\u0434: 174901124\u0418\u0414\u0415\u041d\u0422\u0418\u0424\u0418\u041a\u0410\u0422\u041e\u0420&hellip;<\/p>\n","protected":false},"author":1,"featured_media":0,"parent":0,"menu_order":900,"comment_status":"closed","ping_status":"closed","template":"","meta":{"footnotes":""},"class_list":["post-10234","page","type-page","status-publish","hentry"],"aioseo_notices":[],"_links":{"self":[{"href":"https:\/\/www.szu.lt\/ru\/wp-json\/wp\/v2\/pages\/10234","targetHints":{"allow":["GET"]}}],"collection":[{"href":"https:\/\/www.szu.lt\/ru\/wp-json\/wp\/v2\/pages"}],"about":[{"href":"https:\/\/www.szu.lt\/ru\/wp-json\/wp\/v2\/types\/page"}],"author":[{"embeddable":true,"href":"https:\/\/www.szu.lt\/ru\/wp-json\/wp\/v2\/users\/1"}],"replies":[{"embeddable":true,"href":"https:\/\/www.szu.lt\/ru\/wp-json\/wp\/v2\/comments?post=10234"}],"version-history":[{"count":3,"href":"https:\/\/www.szu.lt\/ru\/wp-json\/wp\/v2\/pages\/10234\/revisions"}],"predecessor-version":[{"id":10844,"href":"https:\/\/www.szu.lt\/ru\/wp-json\/wp\/v2\/pages\/10234\/revisions\/10844"}],"wp:attachment":[{"href":"https:\/\/www.szu.lt\/ru\/wp-json\/wp\/v2\/media?parent=10234"}],"curies":[{"name":"wp","href":"https:\/\/api.w.org\/{rel}","templated":true}]}}