{"id":10229,"date":"2024-02-22T19:58:57","date_gmt":"2024-02-22T19:58:57","guid":{"rendered":"https:\/\/www.szu.lt\/%d0%ba%d0%be%d0%bc%d0%bc%d0%b5%d1%80%d1%87%d0%b5%d1%81%d0%ba%d0%be%d0%b5-%d1%80%d1%8b%d0%b1%d0%be%d0%bb%d0%be%d0%b2%d1%81%d1%82%d0%b2%d0%be\/"},"modified":"2024-03-24T22:12:34","modified_gmt":"2024-03-24T22:12:34","slug":"%d0%ba%d0%be%d0%bc%d0%bc%d0%b5%d1%80%d1%87%d0%b5%d1%81%d0%ba%d0%be%d0%b5-%d1%80%d1%8b%d0%b1%d0%be%d0%bb%d0%be%d0%b2%d1%81%d1%82%d0%b2%d0%be","status":"publish","type":"page","link":"https:\/\/www.szu.lt\/ru\/%d0%ba%d0%be%d0%bc%d0%bc%d0%b5%d1%80%d1%87%d0%b5%d1%81%d0%ba%d0%be%d0%b5-%d1%80%d1%8b%d0%b1%d0%be%d0%bb%d0%be%d0%b2%d1%81%d1%82%d0%b2%d0%be\/","title":{"rendered":"\u041a\u043e\u043c\u043c\u0435\u0440\u0447\u0435\u0441\u043a\u043e\u0435 \u0440\u044b\u0431\u043e\u043b\u043e\u0432\u0441\u0442\u0432\u043e"},"content":{"rendered":"\t\t<div data-elementor-type=\"wp-page\" data-elementor-id=\"10229\" class=\"elementor elementor-10229 elementor-9709\" data-elementor-post-type=\"page\">\n\t\t\t\t<div class=\"elementor-element elementor-element-506d3f41 e-flex e-con-boxed e-con e-parent\" data-id=\"506d3f41\" data-element_type=\"container\">\n\t\t\t\t\t<div class=\"e-con-inner\">\n\t\t<div class=\"elementor-element elementor-element-400faf5c e-con-full e-flex e-con e-child\" data-id=\"400faf5c\" data-element_type=\"container\">\n\t\t\t\t<div class=\"elementor-element elementor-element-506d8edb elementor-widget elementor-widget-image\" data-id=\"506d8edb\" data-element_type=\"widget\" data-widget_type=\"image.default\">\n\t\t\t\t<div class=\"elementor-widget-container\">\n\t\t\t\t\t\t\t\t\t\t\t\t\t\t\t<img fetchpriority=\"high\" decoding=\"async\" width=\"1024\" height=\"768\" src=\"https:\/\/www.szu.lt\/wp-content\/uploads\/2024\/02\/WhatsApp-Image-2024-02-18-at-14.16.32_4aed17d9.jpg\" class=\"attachment-large size-large wp-image-10147\" alt=\"\" \/>\t\t\t\t\t\t\t\t\t\t\t\t\t\t\t<\/div>\n\t\t\t\t<\/div>\n\t\t\t\t<\/div>\n\t\t<div class=\"elementor-element elementor-element-43d8f7b2 e-con-full e-flex e-con e-child\" data-id=\"43d8f7b2\" data-element_type=\"container\">\n\t\t\t\t<div class=\"elementor-element elementor-element-2709a93 elementor-widget elementor-widget-text-editor\" data-id=\"2709a93\" data-element_type=\"widget\" data-widget_type=\"text-editor.default\">\n\t\t\t\t<div class=\"elementor-widget-container\">\n\t\t\t\t\t\t\t\t\t<p>\u041c\u044b \u043f\u0440\u0435\u0434\u043b\u0430\u0433\u0430\u0435\u043c \u043a\u043e\u043c\u043c\u0435\u0440\u0447\u0435\u0441\u043a\u0443\u044e \u0440\u044b\u0431\u0430\u043b\u043a\u0443 \u0441 \u043c\u0430\u044f \u043f\u043e \u043e\u043a\u0442\u044f\u0431\u0440\u044c, \u043f\u043e\u0437\u0432\u043e\u043b\u044f\u044f \u043a\u043b\u0438\u0435\u043d\u0442\u0430\u043c \u043d\u0430\u0441\u043b\u0430\u0436\u0434\u0430\u0442\u044c\u0441\u044f \u043a\u0440\u0430\u0441\u043e\u0442\u043e\u0439 \u043f\u0440\u0443\u0434\u043e\u0432 \u0438 \u0443\u0434\u043e\u0432\u043e\u043b\u044c\u0441\u0442\u0432\u0438\u0435\u043c \u043e\u0442 \u0440\u044b\u0431\u0430\u043b\u043a\u0438. \u0412\u0440\u0435\u043c\u044f \u0440\u044b\u0431\u0430\u043b\u043a\u0438 \u0441\u043e\u0441\u0442\u0430\u0432\u043b\u044f\u0435\u0442 8 \u0447\u0430\u0441\u043e\u0432, \u043a\u043e\u0442\u043e\u0440\u044b\u0435 \u043c\u043e\u0436\u043d\u043e \u043f\u0440\u043e\u0432\u0435\u0441\u0442\u0438 \u043d\u0430 \u043d\u0430\u0448\u0438\u0445 \u043f\u0440\u0443\u0434\u0430\u0445. \u0421\u0442\u043e\u0438\u043c\u043e\u0441\u0442\u044c \u0443\u0441\u043b\u0443\u0433\u0438 \u0441\u043e\u0441\u0442\u0430\u0432\u043b\u044f\u0435\u0442 20 \u0435\u0432\u0440\u043e, \u0430 \u0437\u0430 \u043a\u0430\u0436\u0434\u044b\u0439 \u043a\u0438\u043b\u043e\u0433\u0440\u0430\u043c\u043c \u043f\u043e\u0439\u043c\u0430\u043d\u043d\u043e\u0439 \u0440\u044b\u0431\u044b \u0432\u0437\u0438\u043c\u0430\u0435\u0442\u0441\u044f \u0434\u043e\u043f\u043e\u043b\u043d\u0438\u0442\u0435\u043b\u044c\u043d\u0430\u044f \u043f\u043b\u0430\u0442\u0430 \u0432 \u0440\u0430\u0437\u043c\u0435\u0440\u0435 5 \u0435\u0432\u0440\u043e. \u042d\u0442\u043e \u043e\u0442\u043b\u0438\u0447\u043d\u0430\u044f \u0432\u043e\u0437\u043c\u043e\u0436\u043d\u043e\u0441\u0442\u044c \u043a\u0430\u043a \u0434\u043b\u044f \u043e\u043f\u044b\u0442\u043d\u044b\u0445 \u0440\u044b\u0431\u0430\u043a\u043e\u0432, \u0442\u0430\u043a \u0438 \u0434\u043b\u044f \u043d\u043e\u0432\u0438\u0447\u043a\u043e\u0432 \u043f\u043e\u043b\u0443\u0447\u0438\u0442\u044c \u043d\u0435 \u0442\u043e\u043b\u044c\u043a\u043e \u043e\u043f\u044b\u0442, \u043d\u043e \u0438 \u043c\u043d\u043e\u0436\u0435\u0441\u0442\u0432\u043e \u0432\u043a\u0443\u0441\u043d\u044b\u0445 \u043b\u0430\u043a\u043e\u043c\u0441\u0442\u0432 \u0438\u0437 \u043f\u0440\u0443\u0434\u043e\u0432.<\/p>\t\t\t\t\t\t\t\t<\/div>\n\t\t\t\t<\/div>\n\t\t\t\t<div class=\"elementor-element elementor-element-167f2e7d elementor-widget elementor-widget-text-editor\" data-id=\"167f2e7d\" data-element_type=\"widget\" data-widget_type=\"text-editor.default\">\n\t\t\t\t<div class=\"elementor-widget-container\">\n\t\t\t\t\t\t\t\t\t<h6>\u0421\u0432\u044f\u0436\u0438\u0442\u0435\u0441\u044c \u0441 \u043d\u0430\u043c\u0438 :<\/h6><h6>\u041d\u043e\u043c\u0435\u0440 \u0442\u0435\u043b\u0435\u0444\u043e\u043d\u0430: +370 (614) 36 645<\/h6><h6>\u042d\u043b\u0435\u043a\u0442\u0440\u043e\u043d\u043d\u0430\u044f \u043f\u043e\u0447\u0442\u0430: salcininkuzuvis@szu.lt<\/h6>\t\t\t\t\t\t\t\t<\/div>\n\t\t\t\t<\/div>\n\t\t\t\t<div class=\"elementor-element elementor-element-6790258 elementor-button-align-stretch elementor-widget elementor-widget-form\" data-id=\"6790258\" data-element_type=\"widget\" data-settings=\"{&quot;step_next_label&quot;:&quot;\\u0421\\u043b\\u0435\\u0434\\u0443\\u044e\\u0449\\u0438\\u0439&quot;,&quot;step_previous_label&quot;:&quot;\\u041f\\u0440\\u0435\\u0434\\u044b\\u0434\\u0443\\u0449\\u0438\\u0439&quot;,&quot;button_width&quot;:&quot;100&quot;,&quot;step_type&quot;:&quot;number_text&quot;,&quot;step_icon_shape&quot;:&quot;circle&quot;}\" data-widget_type=\"form.default\">\n\t\t\t\t<div class=\"elementor-widget-container\">\n\t\t\t\t\t\t\t<form class=\"elementor-form\" method=\"post\" name=\"\u041d\u043e\u0432\u0430\u044f \u0444\u043e\u0440\u043c\u0430\" aria-label=\"\u041d\u043e\u0432\u0430\u044f \u0444\u043e\u0440\u043c\u0430\">\n\t\t\t<input type=\"hidden\" name=\"post_id\" value=\"10229\"\/>\n\t\t\t<input type=\"hidden\" name=\"form_id\" value=\"6790258\"\/>\n\t\t\t<input type=\"hidden\" name=\"referer_title\" value=\"\u041a\u043e\u043c\u043c\u0435\u0440\u0447\u0435\u0441\u043a\u043e\u0435 \u0440\u044b\u0431\u043e\u043b\u043e\u0432\u0441\u0442\u0432\u043e | SZU - \u0160al\u010dinink\u0173 \u017duvininkyst\u0117s \u016akis\" \/>\n\n\t\t\t\t\t\t\t<input type=\"hidden\" name=\"queried_id\" value=\"10229\"\/>\n\t\t\t\n\t\t\t<div class=\"elementor-form-fields-wrapper elementor-labels-above\">\n\t\t\t\t\t\t\t\t<div class=\"elementor-field-type-text elementor-field-group elementor-column elementor-field-group-name elementor-col-100 elementor-field-required elementor-mark-required\">\n\t\t\t\t\t\t\t\t\t\t\t\t<label for=\"form-field-name\" class=\"elementor-field-label\">\n\t\t\t\t\t\t\t\t\u0418\u043c\u044f\t\t\t\t\t\t\t<\/label>\n\t\t\t\t\t\t\t\t\t\t\t\t\t\t<input size=\"1\" type=\"text\" name=\"form_fields[name]\" id=\"form-field-name\" class=\"elementor-field elementor-size-lg  elementor-field-textual\" placeholder=\"\u0418\u043c\u044f\" required=\"required\">\n\t\t\t\t\t\t\t\t\t\t\t<\/div>\n\t\t\t\t\t\t\t\t<div class=\"elementor-field-type-email elementor-field-group elementor-column elementor-field-group-email elementor-col-100 elementor-field-required elementor-mark-required\">\n\t\t\t\t\t\t\t\t\t\t\t\t<label for=\"form-field-email\" class=\"elementor-field-label\">\n\t\t\t\t\t\t\t\t\u042d\u043b\u0435\u043a\u0442\u0440\u043e\u043d\u043d\u0430\u044f \u043f\u043e\u0447\u0442\u0430\t\t\t\t\t\t\t<\/label>\n\t\t\t\t\t\t\t\t\t\t\t\t\t\t<input size=\"1\" type=\"email\" name=\"form_fields[email]\" id=\"form-field-email\" class=\"elementor-field elementor-size-lg  elementor-field-textual\" placeholder=\"\u042d\u043b\u0435\u043a\u0442\u0440\u043e\u043d\u043d\u0430\u044f \u043f\u043e\u0447\u0442\u0430\" required=\"required\">\n\t\t\t\t\t\t\t\t\t\t\t<\/div>\n\t\t\t\t\t\t\t\t<div class=\"elementor-field-type-textarea elementor-field-group elementor-column elementor-field-group-message elementor-col-100\">\n\t\t\t\t\t\t\t\t\t\t\t\t<label for=\"form-field-message\" class=\"elementor-field-label\">\n\t\t\t\t\t\t\t\t\u0421\u043e\u043e\u0431\u0449\u0435\u043d\u0438\u0435 \u0434\u043b\u044f\t\t\t\t\t\t\t<\/label>\n\t\t\t\t\t\t<textarea class=\"elementor-field-textual elementor-field  elementor-size-lg\" name=\"form_fields[message]\" id=\"form-field-message\" rows=\"6\" placeholder=\"\u0421\u043e\u043e\u0431\u0449\u0435\u043d\u0438\u0435 \u0434\u043b\u044f\"><\/textarea>\t\t\t\t<\/div>\n\t\t\t\t\t\t\t\t<div class=\"elementor-field-type-acceptance elementor-field-group elementor-column elementor-field-group-field_27e51b66a elementor-col-100\">\n\t\t\t\t\t\t\t<div class=\"elementor-field-subgroup\">\n\t\t\t<span class=\"elementor-field-option\">\n\t\t\t\t<input type=\"checkbox\" name=\"form_fields[field_27e51b66a]\" id=\"form-field-field_27e51b66a\" class=\"elementor-field elementor-size-lg  elementor-acceptance-field\">\n\t\t\t\t<label for=\"form-field-field_27e51b66a\">\u0418\u0441\u043f\u043e\u043b\u044c\u0437\u0443\u044f \u044d\u0442\u0443 \u0444\u043e\u0440\u043c\u0443, \u0432\u044b \u0434\u0430\u0435\u0442\u0435 \u0441\u043e\u0433\u043b\u0430\u0441\u0438\u0435 \u043d\u0430 \u0445\u0440\u0430\u043d\u0435\u043d\u0438\u0435 \u0438 \u043e\u0431\u0440\u0430\u0431\u043e\u0442\u043a\u0443 \u0432\u0430\u0448\u0438\u0445 \u0434\u0430\u043d\u043d\u044b\u0445 \u043d\u0430 \u044d\u0442\u043e\u043c \u0441\u0430\u0439\u0442\u0435.<\/label>\t\t\t<\/span>\n\t\t<\/div>\n\t\t\t\t\t\t<\/div>\n\t\t\t\t\t\t\t\t<div class=\"elementor-field-group elementor-column elementor-field-type-submit elementor-col-100 e-form__buttons\">\n\t\t\t\t\t<button class=\"elementor-button elementor-size-lg\" type=\"submit\">\n\t\t\t\t\t\t<span class=\"elementor-button-content-wrapper\">\n\t\t\t\t\t\t\t\t\t\t\t\t\t\t\t\t\t\t\t\t\t\t<span class=\"elementor-button-text\">\u041e\u0442\u043f\u0440\u0430\u0432\u0438\u0442\u044c \u0441\u043e\u043e\u0431\u0449\u0435\u043d\u0438\u0435<\/span>\n\t\t\t\t\t\t\t\t\t\t\t\t\t<\/span>\n\t\t\t\t\t<\/button>\n\t\t\t\t<\/div>\n\t\t\t<\/div>\n\t\t<\/form>\n\t\t\t\t\t\t<\/div>\n\t\t\t\t<\/div>\n\t\t\t\t<\/div>\n\t\t\t\t\t<\/div>\n\t\t\t\t<\/div>\n\t\t\t\t<\/div>\n\t\t","protected":false},"excerpt":{"rendered":"<p>\u041c\u044b \u043f\u0440\u0435\u0434\u043b\u0430\u0433\u0430\u0435\u043c \u043a\u043e\u043c\u043c\u0435\u0440\u0447\u0435\u0441\u043a\u0443\u044e \u0440\u044b\u0431\u0430\u043b\u043a\u0443 \u0441 \u043c\u0430\u044f \u043f\u043e \u043e\u043a\u0442\u044f\u0431\u0440\u044c, \u043f\u043e\u0437\u0432\u043e\u043b\u044f\u044f \u043a\u043b\u0438\u0435\u043d\u0442\u0430\u043c \u043d\u0430\u0441\u043b\u0430\u0436\u0434\u0430\u0442\u044c\u0441\u044f \u043a\u0440\u0430\u0441\u043e\u0442\u043e\u0439 \u043f\u0440\u0443\u0434\u043e\u0432 \u0438 \u0443\u0434\u043e\u0432\u043e\u043b\u044c\u0441\u0442\u0432\u0438\u0435\u043c \u043e\u0442 \u0440\u044b\u0431\u0430\u043b\u043a\u0438. \u0412\u0440\u0435\u043c\u044f \u0440\u044b\u0431\u0430\u043b\u043a\u0438 \u0441\u043e\u0441\u0442\u0430\u0432\u043b\u044f\u0435\u0442 8 \u0447\u0430\u0441\u043e\u0432, \u043a\u043e\u0442\u043e\u0440\u044b\u0435 \u043c\u043e\u0436\u043d\u043e \u043f\u0440\u043e\u0432\u0435\u0441\u0442\u0438 \u043d\u0430 \u043d\u0430\u0448\u0438\u0445 \u043f\u0440\u0443\u0434\u0430\u0445. \u0421\u0442\u043e\u0438\u043c\u043e\u0441\u0442\u044c \u0443\u0441\u043b\u0443\u0433\u0438 \u0441\u043e\u0441\u0442\u0430\u0432\u043b\u044f\u0435\u0442 20 \u0435\u0432\u0440\u043e, \u0430 \u0437\u0430 \u043a\u0430\u0436\u0434\u044b\u0439 \u043a\u0438\u043b\u043e\u0433\u0440\u0430\u043c\u043c \u043f\u043e\u0439\u043c\u0430\u043d\u043d\u043e\u0439 \u0440\u044b\u0431\u044b \u0432\u0437\u0438\u043c\u0430\u0435\u0442\u0441\u044f \u0434\u043e\u043f\u043e\u043b\u043d\u0438\u0442\u0435\u043b\u044c\u043d\u0430\u044f \u043f\u043b\u0430\u0442\u0430 \u0432 \u0440\u0430\u0437\u043c\u0435\u0440\u0435 5 \u0435\u0432\u0440\u043e. \u042d\u0442\u043e \u043e\u0442\u043b\u0438\u0447\u043d\u0430\u044f \u0432\u043e\u0437\u043c\u043e\u0436\u043d\u043e\u0441\u0442\u044c \u043a\u0430\u043a \u0434\u043b\u044f \u043e\u043f\u044b\u0442\u043d\u044b\u0445 \u0440\u044b\u0431\u0430\u043a\u043e\u0432, \u0442\u0430\u043a \u0438&hellip;<\/p>\n","protected":false},"author":2,"featured_media":0,"parent":0,"menu_order":0,"comment_status":"closed","ping_status":"closed","template":"","meta":{"footnotes":""},"class_list":["post-10229","page","type-page","status-publish","hentry"],"aioseo_notices":[],"_links":{"self":[{"href":"https:\/\/www.szu.lt\/ru\/wp-json\/wp\/v2\/pages\/10229","targetHints":{"allow":["GET"]}}],"collection":[{"href":"https:\/\/www.szu.lt\/ru\/wp-json\/wp\/v2\/pages"}],"about":[{"href":"https:\/\/www.szu.lt\/ru\/wp-json\/wp\/v2\/types\/page"}],"author":[{"embeddable":true,"href":"https:\/\/www.szu.lt\/ru\/wp-json\/wp\/v2\/users\/2"}],"replies":[{"embeddable":true,"href":"https:\/\/www.szu.lt\/ru\/wp-json\/wp\/v2\/comments?post=10229"}],"version-history":[{"count":0,"href":"https:\/\/www.szu.lt\/ru\/wp-json\/wp\/v2\/pages\/10229\/revisions"}],"wp:attachment":[{"href":"https:\/\/www.szu.lt\/ru\/wp-json\/wp\/v2\/media?parent=10229"}],"curies":[{"name":"wp","href":"https:\/\/api.w.org\/{rel}","templated":true}]}}