{"id":10220,"date":"2023-11-05T01:21:05","date_gmt":"2023-11-05T01:21:05","guid":{"rendered":"https:\/\/www.szu.lt\/%d0%be%d1%85%d0%be%d1%82%d0%b0\/"},"modified":"2024-03-13T18:03:35","modified_gmt":"2024-03-13T18:03:35","slug":"%d0%be%d1%85%d0%be%d1%82%d0%b0","status":"publish","type":"page","link":"https:\/\/www.szu.lt\/ru\/%d0%be%d1%85%d0%be%d1%82%d0%b0\/","title":{"rendered":"\u041e\u0445\u043e\u0442\u0430"},"content":{"rendered":"\t\t<div data-elementor-type=\"wp-page\" data-elementor-id=\"10220\" class=\"elementor elementor-10220 elementor-8253\" data-elementor-post-type=\"page\">\n\t\t\t\t<div class=\"elementor-element elementor-element-cc3cafa e-flex e-con-boxed e-con e-parent\" data-id=\"cc3cafa\" data-element_type=\"container\">\n\t\t\t\t\t<div class=\"e-con-inner\">\n\t\t<div class=\"elementor-element elementor-element-0d93628 e-con-full e-flex e-con e-child\" data-id=\"0d93628\" data-element_type=\"container\">\n\t\t\t\t<div class=\"elementor-element elementor-element-1acbae9 elementor-arrows-position-inside elementor-pagination-position-outside elementor-widget elementor-widget-image-carousel\" data-id=\"1acbae9\" data-element_type=\"widget\" data-settings=\"{&quot;slides_to_show&quot;:&quot;1&quot;,&quot;navigation&quot;:&quot;both&quot;,&quot;autoplay&quot;:&quot;yes&quot;,&quot;pause_on_hover&quot;:&quot;yes&quot;,&quot;pause_on_interaction&quot;:&quot;yes&quot;,&quot;autoplay_speed&quot;:5000,&quot;infinite&quot;:&quot;yes&quot;,&quot;effect&quot;:&quot;slide&quot;,&quot;speed&quot;:500}\" data-widget_type=\"image-carousel.default\">\n\t\t\t\t<div class=\"elementor-widget-container\">\n\t\t\t\t\t\t\t<div class=\"elementor-image-carousel-wrapper swiper\" role=\"region\" aria-roledescription=\"carousel\" aria-label=\"\u041a\u0430\u0440\u0443\u0441\u0435\u043b\u044c\" dir=\"ltr\">\n\t\t\t<div class=\"elementor-image-carousel swiper-wrapper\" aria-live=\"off\">\n\t\t\t\t\t\t\t\t<div class=\"swiper-slide\" role=\"group\" aria-roledescription=\"slide\" aria-label=\"1 \u0438\u0437 6\"><figure class=\"swiper-slide-inner\"><img decoding=\"async\" class=\"swiper-slide-image\" src=\"https:\/\/www.szu.lt\/wp-content\/uploads\/2024\/01\/Medziokle-1.jpg\" alt=\"Medziokle\" \/><\/figure><\/div><div class=\"swiper-slide\" role=\"group\" aria-roledescription=\"slide\" aria-label=\"2 \u0438\u0437 6\"><figure class=\"swiper-slide-inner\"><img decoding=\"async\" class=\"swiper-slide-image\" src=\"https:\/\/www.szu.lt\/wp-content\/uploads\/2024\/01\/Medziokle2-1.jpg\" alt=\"Medziokle2\" \/><\/figure><\/div><div class=\"swiper-slide\" role=\"group\" aria-roledescription=\"slide\" aria-label=\"3 \u0438\u0437 6\"><figure class=\"swiper-slide-inner\"><img decoding=\"async\" class=\"swiper-slide-image\" src=\"https:\/\/www.szu.lt\/wp-content\/uploads\/2024\/01\/Medziokle3-1.jpg\" alt=\"Medziokle3\" \/><\/figure><\/div><div class=\"swiper-slide\" role=\"group\" aria-roledescription=\"slide\" aria-label=\"4 \u0438\u0437 6\"><figure class=\"swiper-slide-inner\"><img decoding=\"async\" class=\"swiper-slide-image\" src=\"https:\/\/www.szu.lt\/wp-content\/uploads\/2024\/01\/Medziokle4.png\" alt=\"Medziokle4\" \/><\/figure><\/div><div class=\"swiper-slide\" role=\"group\" aria-roledescription=\"slide\" aria-label=\"5 \u0438\u0437 6\"><figure class=\"swiper-slide-inner\"><img decoding=\"async\" class=\"swiper-slide-image\" src=\"https:\/\/www.szu.lt\/wp-content\/uploads\/2024\/01\/Medziokle5.jpg\" alt=\"Medziokle5\" \/><\/figure><\/div><div class=\"swiper-slide\" role=\"group\" aria-roledescription=\"slide\" aria-label=\"6 \u0438\u0437 6\"><figure class=\"swiper-slide-inner\"><img decoding=\"async\" class=\"swiper-slide-image\" src=\"https:\/\/www.szu.lt\/wp-content\/uploads\/2024\/01\/Medziokle6.jpg\" alt=\"Medziokle6\" \/><\/figure><\/div>\t\t\t<\/div>\n\t\t\t\t\t\t\t\t\t\t\t\t<div class=\"elementor-swiper-button elementor-swiper-button-prev\" role=\"button\" tabindex=\"0\">\n\t\t\t\t\t\t<svg aria-hidden=\"true\" class=\"e-font-icon-svg e-eicon-chevron-left\" viewBox=\"0 0 1000 1000\" xmlns=\"http:\/\/www.w3.org\/2000\/svg\"><path d=\"M646 125C629 125 613 133 604 142L308 442C296 454 292 471 292 487 292 504 296 521 308 533L604 854C617 867 629 875 646 875 663 875 679 871 692 858 704 846 713 829 713 812 713 796 708 779 692 767L438 487 692 225C700 217 708 204 708 187 708 171 704 154 692 142 675 129 663 125 646 125Z\"><\/path><\/svg>\t\t\t\t\t<\/div>\n\t\t\t\t\t<div class=\"elementor-swiper-button elementor-swiper-button-next\" role=\"button\" tabindex=\"0\">\n\t\t\t\t\t\t<svg aria-hidden=\"true\" class=\"e-font-icon-svg e-eicon-chevron-right\" viewBox=\"0 0 1000 1000\" xmlns=\"http:\/\/www.w3.org\/2000\/svg\"><path d=\"M696 533C708 521 713 504 713 487 713 471 708 454 696 446L400 146C388 133 375 125 354 125 338 125 325 129 313 142 300 154 292 171 292 187 292 204 296 221 308 233L563 492 304 771C292 783 288 800 288 817 288 833 296 850 308 863 321 871 338 875 354 875 371 875 388 867 400 854L696 533Z\"><\/path><\/svg>\t\t\t\t\t<\/div>\n\t\t\t\t\n\t\t\t\t\t\t\t\t\t<div class=\"swiper-pagination\"><\/div>\n\t\t\t\t\t\t\t\t\t<\/div>\n\t\t\t\t\t\t<\/div>\n\t\t\t\t<\/div>\n\t\t\t\t<\/div>\n\t\t<div class=\"elementor-element elementor-element-441ea30 e-con-full e-flex e-con e-child\" data-id=\"441ea30\" data-element_type=\"container\">\n\t\t\t\t<div class=\"elementor-element elementor-element-3b05af4 elementor-widget elementor-widget-text-editor\" data-id=\"3b05af4\" data-element_type=\"widget\" data-widget_type=\"text-editor.default\">\n\t\t\t\t<div class=\"elementor-widget-container\">\n\t\t\t\t\t\t\t\t\t<p><b>\u041e\u0445\u043e\u0442\u0430<\/b> &#8212; \u043e\u0434\u043d\u043e \u0438\u0437 \u0434\u0440\u0435\u0432\u043d\u0435\u0439\u0448\u0438\u0445 \u0437\u0430\u043d\u044f\u0442\u0438\u0439 \u0447\u0435\u043b\u043e\u0432\u0435\u0447\u0435\u0441\u0442\u0432\u0430, \u043d\u0430\u043b\u043e\u0436\u0438\u0432\u0448\u0435\u0435 \u0441\u0438\u043b\u044c\u043d\u044b\u0439 \u043e\u0442\u043f\u0435\u0447\u0430\u0442\u043e\u043a \u043d\u0430 \u0435\u0433\u043e \u044d\u043a\u043e\u043d\u043e\u043c\u0438\u0447\u0435\u0441\u043a\u0443\u044e \u0438 \u043a\u0443\u043b\u044c\u0442\u0443\u0440\u043d\u0443\u044e \u0438\u0441\u0442\u043e\u0440\u0438\u044e. \u042d\u0442\u043e \u043e\u0442\u043b\u0438\u0447\u043d\u044b\u0439 \u0441\u043f\u043e\u0441\u043e\u0431 \u043f\u0440\u043e\u0432\u0435\u0441\u0442\u0438 \u0441\u0432\u043e\u0431\u043e\u0434\u043d\u043e\u0435 \u0432\u0440\u0435\u043c\u044f, \u043d\u0430\u0441\u043b\u0430\u0436\u0434\u0430\u044f\u0441\u044c \u0438 \u043e\u0431\u0449\u0430\u044f\u0441\u044c \u0441 \u0434\u0438\u043a\u043e\u0439 \u043f\u0440\u0438\u0440\u043e\u0434\u043e\u0439. \u0424\u0435\u0440\u043c\u0430 SZU \u043f\u0440\u0435\u0434\u043b\u0430\u0433\u0430\u0435\u0442 \u0441\u0432\u043e\u0438\u043c \u0433\u043e\u0441\u0442\u044f\u043c \u043e\u0445\u043e\u0442\u0443 \u043d\u0430 \u0432\u043e\u0434\u043e\u043f\u043b\u0430\u0432\u0430\u044e\u0449\u0443\u044e \u0434\u0438\u0447\u044c \u0438 \u043c\u0435\u043b\u043a\u0438\u0445 \u043f\u0440\u0435\u0434\u0441\u0442\u0430\u0432\u0438\u0442\u0435\u043b\u0435\u0439 \u0444\u0430\u0443\u043d\u044b.  <\/p>\n<p><i>\u0415\u0441\u043b\u0438 \u0432\u0430\u0448\u0430 \u0434\u0443\u0448\u0430 \u0437\u043e\u0432\u0435\u0442 \u043a \u043e\u0445\u043e\u0442\u043d\u0438\u0447\u044c\u0438\u043c \u043f\u0440\u0438\u043a\u043b\u044e\u0447\u0435\u043d\u0438\u044f\u043c, \u043c\u044b \u043f\u0440\u0438\u0433\u043b\u0430\u0448\u0430\u0435\u043c \u0432\u0430\u0441 \u043f\u0440\u0438\u0441\u043e\u0435\u0434\u0438\u043d\u0438\u0442\u044c\u0441\u044f \u043a \u043d\u0430\u0448\u0435\u0439 \u043e\u0445\u043e\u0442\u0435! \u042d\u0442\u043e\u0442 \u043e\u0441\u043e\u0431\u044b\u0439 \u043e\u043f\u044b\u0442 \u0431\u0443\u0434\u0435\u0442 \u0434\u043e\u0441\u0442\u0443\u043f\u0435\u043d \u0441 <strong>15 \u0430\u0432\u0433\u0443\u0441\u0442\u0430<\/strong> \u043f\u043e <strong>1 \u0434\u0435\u043a\u0430\u0431\u0440\u044f<\/strong>. \u041e\u0445\u043e\u0442\u0430 \u043d\u0430 \u0432\u043e\u0434\u043e\u043f\u043b\u0430\u0432\u0430\u044e\u0449\u0443\u044e \u0434\u0438\u0447\u044c \u0438 \u043c\u0435\u043b\u043a\u0443\u044e \u0444\u0430\u0443\u043d\u0443. \u041f\u043b\u043e\u0449\u0430\u0434\u044c \u043e\u0445\u043e\u0442\u043d\u0438\u0447\u044c\u0438\u0445 \u0443\u0433\u043e\u0434\u0438\u0439 \u0441\u043e\u0441\u0442\u0430\u0432\u043b\u044f\u0435\u0442 <strong>700 \u0433\u0435\u043a\u0442\u0430\u0440\u043e\u0432<\/strong>. \u0427\u0442\u043e\u0431\u044b \u0437\u0430\u0440\u0435\u0433\u0438\u0441\u0442\u0440\u0438\u0440\u043e\u0432\u0430\u0442\u044c\u0441\u044f \u0438\u043b\u0438 \u043f\u043e\u043b\u0443\u0447\u0438\u0442\u044c \u0434\u043e\u043f\u043e\u043b\u043d\u0438\u0442\u0435\u043b\u044c\u043d\u0443\u044e \u0438\u043d\u0444\u043e\u0440\u043c\u0430\u0446\u0438\u044e, \u043f\u043e\u0436\u0430\u043b\u0443\u0439\u0441\u0442\u0430, \u0441\u0432\u044f\u0436\u0438\u0442\u0435\u0441\u044c \u0441 \u043d\u0430\u043c\u0438:<\/i><\/p>\n<p>&#8212;  <i>\u042d\u043b\u044c. \u043f\u043e \u043f\u043e\u0447\u0442\u0435:<\/i> <a href=\"mailto:julija@szu.lt\"><i>julija@szu.lt<\/i><\/a><br \/>&#8212; <i>\u041d\u043e\u043c\u0435\u0440 \u0442\u0435\u043b\u0435\u0444\u043e\u043d\u0430<\/i>: <a href=\"tel:+37060996043\"><br \/>\n  <i>+37060996043<\/i><br \/>\n<\/a><br \/><strong><em>\u0412\u044b \u0442\u0430\u043a\u0436\u0435 \u043c\u043e\u0436\u0435\u0442\u0435 \u0437\u0430\u043f\u043e\u043b\u043d\u0438\u0442\u044c \u0444\u043e\u0440\u043c\u0443 \u043d\u0438\u0436\u0435.<\/em><\/strong> <\/p>\n<p><i>\u041f\u0440\u0438\u0441\u043e\u0435\u0434\u0438\u043d\u044f\u0439\u0442\u0435\u0441\u044c \u043a \u043d\u0430\u0448\u0435\u043c\u0443 \u0441\u043e\u043e\u0431\u0449\u0435\u0441\u0442\u0432\u0443, \u0447\u0442\u043e\u0431\u044b \u043f\u0440\u0438\u043d\u044f\u0442\u044c \u0443\u0447\u0430\u0441\u0442\u0438\u0435 \u0432 \u0443\u043d\u0438\u043a\u0430\u043b\u044c\u043d\u043e\u043c \u043e\u0445\u043e\u0442\u043d\u0438\u0447\u044c\u0435\u043c \u043f\u0440\u0438\u043a\u043b\u044e\u0447\u0435\u043d\u0438\u0438!<\/i><\/p>\n\t\t\t\t\t\t\t\t<\/div>\n\t\t\t\t<\/div>\n\t\t\t\t<div class=\"elementor-element elementor-element-1b34edd elementor-button-align-stretch elementor-widget elementor-widget-form\" data-id=\"1b34edd\" data-element_type=\"widget\" data-settings=\"{&quot;step_next_label&quot;:&quot;\\u0421\\u043b\\u0435\\u0434\\u0443\\u044e\\u0449\\u0438\\u0439&quot;,&quot;step_previous_label&quot;:&quot;\\u041f\\u0440\\u0435\\u0434\\u044b\\u0434\\u0443\\u0449\\u0438\\u0439&quot;,&quot;button_width&quot;:&quot;100&quot;,&quot;step_type&quot;:&quot;number_text&quot;,&quot;step_icon_shape&quot;:&quot;circle&quot;}\" data-widget_type=\"form.default\">\n\t\t\t\t<div class=\"elementor-widget-container\">\n\t\t\t\t\t\t\t<form class=\"elementor-form\" method=\"post\" name=\"\u041d\u043e\u0432\u0430\u044f \u0444\u043e\u0440\u043c\u0430\" aria-label=\"\u041d\u043e\u0432\u0430\u044f \u0444\u043e\u0440\u043c\u0430\">\n\t\t\t<input type=\"hidden\" name=\"post_id\" value=\"10220\"\/>\n\t\t\t<input type=\"hidden\" name=\"form_id\" value=\"1b34edd\"\/>\n\t\t\t<input type=\"hidden\" name=\"referer_title\" value=\"\u041e\u0445\u043e\u0442\u0430 | SZU - \u0160al\u010dinink\u0173 \u017duvininkyst\u0117s \u016akis\" \/>\n\n\t\t\t\t\t\t\t<input type=\"hidden\" name=\"queried_id\" value=\"10220\"\/>\n\t\t\t\n\t\t\t<div class=\"elementor-form-fields-wrapper elementor-labels-above\">\n\t\t\t\t\t\t\t\t<div class=\"elementor-field-type-text elementor-field-group elementor-column elementor-field-group-name elementor-col-100 elementor-field-required elementor-mark-required\">\n\t\t\t\t\t\t\t\t\t\t\t\t<label for=\"form-field-name\" class=\"elementor-field-label\">\n\t\t\t\t\t\t\t\t\u0418\u043c\u044f\t\t\t\t\t\t\t<\/label>\n\t\t\t\t\t\t\t\t\t\t\t\t\t\t<input size=\"1\" type=\"text\" name=\"form_fields[name]\" id=\"form-field-name\" class=\"elementor-field elementor-size-lg  elementor-field-textual\" placeholder=\"\u0418\u043c\u044f\" required=\"required\">\n\t\t\t\t\t\t\t\t\t\t\t<\/div>\n\t\t\t\t\t\t\t\t<div class=\"elementor-field-type-email elementor-field-group elementor-column elementor-field-group-email elementor-col-100 elementor-field-required elementor-mark-required\">\n\t\t\t\t\t\t\t\t\t\t\t\t<label for=\"form-field-email\" class=\"elementor-field-label\">\n\t\t\t\t\t\t\t\t\u042d\u043b\u0435\u043a\u0442\u0440\u043e\u043d\u043d\u0430\u044f \u043f\u043e\u0447\u0442\u0430\t\t\t\t\t\t\t<\/label>\n\t\t\t\t\t\t\t\t\t\t\t\t\t\t<input size=\"1\" type=\"email\" name=\"form_fields[email]\" id=\"form-field-email\" class=\"elementor-field elementor-size-lg  elementor-field-textual\" placeholder=\"\u042d\u043b\u0435\u043a\u0442\u0440\u043e\u043d\u043d\u0430\u044f \u043f\u043e\u0447\u0442\u0430\" required=\"required\">\n\t\t\t\t\t\t\t\t\t\t\t<\/div>\n\t\t\t\t\t\t\t\t<div class=\"elementor-field-type-textarea elementor-field-group elementor-column elementor-field-group-message elementor-col-100\">\n\t\t\t\t\t\t\t\t\t\t\t\t<label for=\"form-field-message\" class=\"elementor-field-label\">\n\t\t\t\t\t\t\t\t\u0421\u043e\u043e\u0431\u0449\u0435\u043d\u0438\u0435 \u0434\u043b\u044f\t\t\t\t\t\t\t<\/label>\n\t\t\t\t\t\t<textarea class=\"elementor-field-textual elementor-field  elementor-size-lg\" name=\"form_fields[message]\" id=\"form-field-message\" rows=\"6\" placeholder=\"\u0421\u043e\u043e\u0431\u0449\u0435\u043d\u0438\u0435 \u0434\u043b\u044f\"><\/textarea>\t\t\t\t<\/div>\n\t\t\t\t\t\t\t\t<div class=\"elementor-field-type-acceptance elementor-field-group elementor-column elementor-field-group-field_27e51b66a elementor-col-100\">\n\t\t\t\t\t\t\t<div class=\"elementor-field-subgroup\">\n\t\t\t<span class=\"elementor-field-option\">\n\t\t\t\t<input type=\"checkbox\" name=\"form_fields[field_27e51b66a]\" id=\"form-field-field_27e51b66a\" class=\"elementor-field elementor-size-lg  elementor-acceptance-field\">\n\t\t\t\t<label for=\"form-field-field_27e51b66a\">\u0418\u0441\u043f\u043e\u043b\u044c\u0437\u0443\u044f \u044d\u0442\u0443 \u0444\u043e\u0440\u043c\u0443, \u0432\u044b \u0434\u0430\u0435\u0442\u0435 \u0441\u043e\u0433\u043b\u0430\u0441\u0438\u0435 \u043d\u0430 \u0445\u0440\u0430\u043d\u0435\u043d\u0438\u0435 \u0438 \u043e\u0431\u0440\u0430\u0431\u043e\u0442\u043a\u0443 \u0432\u0430\u0448\u0438\u0445 \u0434\u0430\u043d\u043d\u044b\u0445 \u043d\u0430 \u044d\u0442\u043e\u043c \u0441\u0430\u0439\u0442\u0435.<\/label>\t\t\t<\/span>\n\t\t<\/div>\n\t\t\t\t\t\t<\/div>\n\t\t\t\t\t\t\t\t<div class=\"elementor-field-group elementor-column elementor-field-type-submit elementor-col-100 e-form__buttons\">\n\t\t\t\t\t<button class=\"elementor-button elementor-size-lg\" type=\"submit\">\n\t\t\t\t\t\t<span class=\"elementor-button-content-wrapper\">\n\t\t\t\t\t\t\t\t\t\t\t\t\t\t\t\t\t\t\t\t\t\t<span class=\"elementor-button-text\">\u041e\u0442\u043f\u0440\u0430\u0432\u0438\u0442\u044c \u0441\u043e\u043e\u0431\u0449\u0435\u043d\u0438\u0435<\/span>\n\t\t\t\t\t\t\t\t\t\t\t\t\t<\/span>\n\t\t\t\t\t<\/button>\n\t\t\t\t<\/div>\n\t\t\t<\/div>\n\t\t<\/form>\n\t\t\t\t\t\t<\/div>\n\t\t\t\t<\/div>\n\t\t\t\t<\/div>\n\t\t\t\t\t<\/div>\n\t\t\t\t<\/div>\n\t\t\t\t<\/div>\n\t\t","protected":false},"excerpt":{"rendered":"<p>Med\u017eiokl\u0117 yra vienas seniausi\u0173 \u017emonijos u\u017esi\u0117mim\u0173, palik\u0119s ry\u0161k\u0173 p\u0117dsak\u0105 jos \u016bkin\u0117s ir kult\u016brin\u0117s veiklos istorijoje. Tai puiki laisvalaikio praleidimo forma, leid\u017eianti pasid\u017eiaugti ir pabendrauti su gyv\u0105j\u0105 gamta. SZU \u016bkis savo sve\u010diams si\u016blo vandens pauk\u0161\u010di\u0173 ir smulkios faunos med\u017eiokl\u0119.\u00a0 Jei j\u016bs\u0173 siela \u0161aukiasi med\u017eiokl\u0117s nuotyki\u0173, kvie\u010diame prisijungti prie m\u016bs\u0173 organizuojamos med\u017eiokl\u0117s! \u0160i\u0105 ypating\u0105 patirt\u012f gal\u0117site i\u0161bandyti&hellip;<\/p>\n","protected":false},"author":1,"featured_media":0,"parent":0,"menu_order":0,"comment_status":"closed","ping_status":"closed","template":"","meta":{"footnotes":""},"class_list":["post-10220","page","type-page","status-publish","hentry"],"aioseo_notices":[],"_links":{"self":[{"href":"https:\/\/www.szu.lt\/ru\/wp-json\/wp\/v2\/pages\/10220","targetHints":{"allow":["GET"]}}],"collection":[{"href":"https:\/\/www.szu.lt\/ru\/wp-json\/wp\/v2\/pages"}],"about":[{"href":"https:\/\/www.szu.lt\/ru\/wp-json\/wp\/v2\/types\/page"}],"author":[{"embeddable":true,"href":"https:\/\/www.szu.lt\/ru\/wp-json\/wp\/v2\/users\/1"}],"replies":[{"embeddable":true,"href":"https:\/\/www.szu.lt\/ru\/wp-json\/wp\/v2\/comments?post=10220"}],"version-history":[{"count":0,"href":"https:\/\/www.szu.lt\/ru\/wp-json\/wp\/v2\/pages\/10220\/revisions"}],"wp:attachment":[{"href":"https:\/\/www.szu.lt\/ru\/wp-json\/wp\/v2\/media?parent=10220"}],"curies":[{"name":"wp","href":"https:\/\/api.w.org\/{rel}","templated":true}]}}