{"id":10236,"date":"2024-02-22T16:27:54","date_gmt":"2024-02-22T16:27:54","guid":{"rendered":"https:\/\/www.szu.lt\/tribonii-village-community\/"},"modified":"2024-04-03T13:20:10","modified_gmt":"2024-04-03T13:20:10","slug":"tribonys-village-community","status":"publish","type":"page","link":"https:\/\/www.szu.lt\/en\/tribonys-village-community\/","title":{"rendered":"Tribonys Village Community"},"content":{"rendered":"\t\t<div data-elementor-type=\"wp-page\" data-elementor-id=\"10236\" class=\"elementor elementor-10236 elementor-9664\" data-elementor-post-type=\"page\">\n\t\t\t\t<div class=\"elementor-element elementor-element-15b7867 e-flex e-con-boxed e-con e-parent\" data-id=\"15b7867\" data-element_type=\"container\">\n\t\t\t\t\t<div class=\"e-con-inner\">\n\t\t<div class=\"elementor-element elementor-element-21aa8e2 e-con-full e-flex e-con e-child\" data-id=\"21aa8e2\" data-element_type=\"container\">\n\t\t\t\t<div class=\"elementor-element elementor-element-5509072 elementor-arrows-position-inside elementor-pagination-position-outside elementor-widget elementor-widget-image-carousel\" data-id=\"5509072\" data-element_type=\"widget\" data-settings=\"{&quot;slides_to_show&quot;:&quot;1&quot;,&quot;navigation&quot;:&quot;both&quot;,&quot;autoplay&quot;:&quot;yes&quot;,&quot;pause_on_hover&quot;:&quot;yes&quot;,&quot;pause_on_interaction&quot;:&quot;yes&quot;,&quot;autoplay_speed&quot;:5000,&quot;infinite&quot;:&quot;yes&quot;,&quot;effect&quot;:&quot;slide&quot;,&quot;speed&quot;:500}\" data-widget_type=\"image-carousel.default\">\n\t\t\t\t<div class=\"elementor-widget-container\">\n\t\t\t\t\t\t\t<div class=\"elementor-image-carousel-wrapper swiper\" role=\"region\" aria-roledescription=\"carousel\" aria-label=\"Image Carousel\" dir=\"ltr\">\n\t\t\t<div class=\"elementor-image-carousel swiper-wrapper\" aria-live=\"off\">\n\t\t\t\t\t\t\t\t<div class=\"swiper-slide\" role=\"group\" aria-roledescription=\"slide\" aria-label=\"1 of 8\"><figure class=\"swiper-slide-inner\"><img decoding=\"async\" class=\"swiper-slide-image\" src=\"https:\/\/www.szu.lt\/wp-content\/uploads\/2024\/02\/Triboniu.jpg\" alt=\"Triboniu\" \/><\/figure><\/div><div class=\"swiper-slide\" role=\"group\" aria-roledescription=\"slide\" aria-label=\"2 of 8\"><figure class=\"swiper-slide-inner\"><img decoding=\"async\" class=\"swiper-slide-image\" src=\"https:\/\/www.szu.lt\/wp-content\/uploads\/2024\/02\/Triboniu1.jpg\" alt=\"Triboniu1\" \/><\/figure><\/div><div class=\"swiper-slide\" role=\"group\" aria-roledescription=\"slide\" aria-label=\"3 of 8\"><figure class=\"swiper-slide-inner\"><img decoding=\"async\" class=\"swiper-slide-image\" src=\"https:\/\/www.szu.lt\/wp-content\/uploads\/2024\/02\/Triboniu2.jpg\" alt=\"Triboniu2\" \/><\/figure><\/div><div class=\"swiper-slide\" role=\"group\" aria-roledescription=\"slide\" aria-label=\"4 of 8\"><figure class=\"swiper-slide-inner\"><img decoding=\"async\" class=\"swiper-slide-image\" src=\"https:\/\/www.szu.lt\/wp-content\/uploads\/2024\/02\/Triboniu3.jpg\" alt=\"Triboniu3\" \/><\/figure><\/div><div class=\"swiper-slide\" role=\"group\" aria-roledescription=\"slide\" aria-label=\"5 of 8\"><figure class=\"swiper-slide-inner\"><img decoding=\"async\" class=\"swiper-slide-image\" src=\"https:\/\/www.szu.lt\/wp-content\/uploads\/2024\/02\/Triboniu4.jpg\" alt=\"Triboniu4\" \/><\/figure><\/div><div class=\"swiper-slide\" role=\"group\" aria-roledescription=\"slide\" aria-label=\"6 of 8\"><figure class=\"swiper-slide-inner\"><img decoding=\"async\" class=\"swiper-slide-image\" src=\"https:\/\/www.szu.lt\/wp-content\/uploads\/2024\/02\/Triboniu5.jpg\" alt=\"Triboniu5\" \/><\/figure><\/div><div class=\"swiper-slide\" role=\"group\" aria-roledescription=\"slide\" aria-label=\"7 of 8\"><figure class=\"swiper-slide-inner\"><img decoding=\"async\" class=\"swiper-slide-image\" src=\"https:\/\/www.szu.lt\/wp-content\/uploads\/2024\/02\/bendruomenenew.png\" alt=\"bendruomenenew\" \/><\/figure><\/div><div class=\"swiper-slide\" role=\"group\" aria-roledescription=\"slide\" aria-label=\"8 of 8\"><figure class=\"swiper-slide-inner\"><img decoding=\"async\" class=\"swiper-slide-image\" src=\"https:\/\/www.szu.lt\/wp-content\/uploads\/2024\/02\/Bendruomenenew2.png\" alt=\"Bendruomenenew2\" \/><\/figure><\/div>\t\t\t<\/div>\n\t\t\t\t\t\t\t\t\t\t\t\t<div class=\"elementor-swiper-button elementor-swiper-button-prev\" role=\"button\" tabindex=\"0\">\n\t\t\t\t\t\t<svg aria-hidden=\"true\" class=\"e-font-icon-svg e-eicon-chevron-left\" viewBox=\"0 0 1000 1000\" xmlns=\"http:\/\/www.w3.org\/2000\/svg\"><path d=\"M646 125C629 125 613 133 604 142L308 442C296 454 292 471 292 487 292 504 296 521 308 533L604 854C617 867 629 875 646 875 663 875 679 871 692 858 704 846 713 829 713 812 713 796 708 779 692 767L438 487 692 225C700 217 708 204 708 187 708 171 704 154 692 142 675 129 663 125 646 125Z\"><\/path><\/svg>\t\t\t\t\t<\/div>\n\t\t\t\t\t<div class=\"elementor-swiper-button elementor-swiper-button-next\" role=\"button\" tabindex=\"0\">\n\t\t\t\t\t\t<svg aria-hidden=\"true\" class=\"e-font-icon-svg e-eicon-chevron-right\" viewBox=\"0 0 1000 1000\" xmlns=\"http:\/\/www.w3.org\/2000\/svg\"><path d=\"M696 533C708 521 713 504 713 487 713 471 708 454 696 446L400 146C388 133 375 125 354 125 338 125 325 129 313 142 300 154 292 171 292 187 292 204 296 221 308 233L563 492 304 771C292 783 288 800 288 817 288 833 296 850 308 863 321 871 338 875 354 875 371 875 388 867 400 854L696 533Z\"><\/path><\/svg>\t\t\t\t\t<\/div>\n\t\t\t\t\n\t\t\t\t\t\t\t\t\t<div class=\"swiper-pagination\"><\/div>\n\t\t\t\t\t\t\t\t\t<\/div>\n\t\t\t\t\t\t<\/div>\n\t\t\t\t<\/div>\n\t\t\t\t<\/div>\n\t\t<div class=\"elementor-element elementor-element-a218512 e-con-full e-flex e-con e-child\" data-id=\"a218512\" data-element_type=\"container\">\n\t\t\t\t<div class=\"elementor-element elementor-element-ebbcff3 elementor-widget elementor-widget-text-editor\" data-id=\"ebbcff3\" data-element_type=\"widget\" data-widget_type=\"text-editor.default\">\n\t\t\t\t<div class=\"elementor-widget-container\">\n\t\t\t\t\t\t\t\t\t<p>Tribonii Village Community has been active since 2009. The community organises traditional festivities: a procession of dress-up men, a bacon and canap\u00e9s fight, the burning of the Plague, wreaths are woven for St John and St Janine on Midsummer&#8217;s Eve, a harvest festival, and a Christmas tree-lighting festival in winter.<\/p>\n<p>Address: Parko gatv\u0117 1, Tribonys village,<br>\u0160al\u010dininkai district, LT-17127, Lithuania.<br>Tel. Chairwoman of Triboniai Community +370 60996043<\/p>\t\t\t\t\t\t\t\t<\/div>\n\t\t\t\t<\/div>\n\t\t\t\t<div class=\"elementor-element elementor-element-c2f2845 elementor-widget elementor-widget-image\" data-id=\"c2f2845\" data-element_type=\"widget\" data-widget_type=\"image.default\">\n\t\t\t\t<div class=\"elementor-widget-container\">\n\t\t\t\t\t\t\t\t\t\t\t\t\t\t\t<img fetchpriority=\"high\" decoding=\"async\" width=\"1024\" height=\"669\" src=\"https:\/\/www.szu.lt\/wp-content\/uploads\/2023\/11\/szu-office.jpg\" class=\"attachment-large size-large wp-image-10006\" alt=\"\" \/>\t\t\t\t\t\t\t\t\t\t\t\t\t\t\t<\/div>\n\t\t\t\t<\/div>\n\t\t\t\t<\/div>\n\t\t\t\t\t<\/div>\n\t\t\t\t<\/div>\n\t\t\t\t<\/div>\n\t\t","protected":false},"excerpt":{"rendered":"<p>Tribonii Village Community has been active since 2009. The community organises traditional festivities: a procession of dress-up men, a bacon and canap\u00e9s fight, the burning of the Plague, wreaths are woven for St John and St Janine on Midsummer&#8217;s Eve, a harvest festival, and a Christmas tree-lighting festival in winter. Address: Parko gatv\u0117 1, Tribonys&hellip;<\/p>\n","protected":false},"author":2,"featured_media":0,"parent":0,"menu_order":0,"comment_status":"closed","ping_status":"closed","template":"","meta":{"footnotes":""},"class_list":["post-10236","page","type-page","status-publish","hentry"],"aioseo_notices":[],"_links":{"self":[{"href":"https:\/\/www.szu.lt\/en\/wp-json\/wp\/v2\/pages\/10236","targetHints":{"allow":["GET"]}}],"collection":[{"href":"https:\/\/www.szu.lt\/en\/wp-json\/wp\/v2\/pages"}],"about":[{"href":"https:\/\/www.szu.lt\/en\/wp-json\/wp\/v2\/types\/page"}],"author":[{"embeddable":true,"href":"https:\/\/www.szu.lt\/en\/wp-json\/wp\/v2\/users\/2"}],"replies":[{"embeddable":true,"href":"https:\/\/www.szu.lt\/en\/wp-json\/wp\/v2\/comments?post=10236"}],"version-history":[{"count":4,"href":"https:\/\/www.szu.lt\/en\/wp-json\/wp\/v2\/pages\/10236\/revisions"}],"predecessor-version":[{"id":10711,"href":"https:\/\/www.szu.lt\/en\/wp-json\/wp\/v2\/pages\/10236\/revisions\/10711"}],"wp:attachment":[{"href":"https:\/\/www.szu.lt\/en\/wp-json\/wp\/v2\/media?parent=10236"}],"curies":[{"name":"wp","href":"https:\/\/api.w.org\/{rel}","templated":true}]}}