{"id":10232,"date":"2021-06-13T11:03:28","date_gmt":"2021-06-13T11:03:28","guid":{"rendered":"https:\/\/www.szu.lt\/contact\/"},"modified":"2024-12-10T09:03:11","modified_gmt":"2024-12-10T09:03:11","slug":"contact","status":"publish","type":"page","link":"https:\/\/www.szu.lt\/en\/contact\/","title":{"rendered":"Contact"},"content":{"rendered":"\t\t<div data-elementor-type=\"wp-page\" data-elementor-id=\"10232\" class=\"elementor elementor-10232 elementor-4804\" data-elementor-post-type=\"page\">\n\t\t\t\t<div class=\"elementor-element elementor-element-9fc451f e-flex e-con-boxed e-con e-parent\" data-id=\"9fc451f\" data-element_type=\"container\">\n\t\t\t\t\t<div class=\"e-con-inner\">\n\t\t<div class=\"elementor-element elementor-element-1ee6f4a e-con-full e-flex e-con e-child\" data-id=\"1ee6f4a\" data-element_type=\"container\">\n\t\t\t\t<div class=\"elementor-element elementor-element-30de4b7 elementor-widget elementor-widget-text-editor\" data-id=\"30de4b7\" data-element_type=\"widget\" data-widget_type=\"text-editor.default\">\n\t\t\t\t<div class=\"elementor-widget-container\">\n\t\t\t\t\t\t\t\t\t<p><strong>UAB \u0160al\u010dininkai Fish Farm<\/strong><br \/>Reg.: LT-17127 \u0160al\u010dininkai raj.<br \/>Tribonys km., Lithuania<\/p><p>Parko street 1, Tribonii village,<br \/>\u0160al\u010dininkai district, LT-17127, Lithuania.<br \/>Tel. +370 5 270 50 50<br \/>Fisherman Irena \u010ceniauskien\u0117 : +370 6 128 66 58<br \/>Agronomist : +370 6 167 74 38<br \/>E-mail..:\u00a0<a href=\"mailto:salcininkuzuvis@szu.lt\">salcininkuzuvis@szu.lt<\/a><\/p><p><strong>Props to<\/strong><br \/>Answer. OJ L 283, 30.12.2003, p. 1. LT204010044400000144<br \/>Luminor bankas, AB \u0160al\u010dininkai branch<br \/>Bank code: 40100<br \/>Company. Code: 174901124<br \/>VAT ID: EN 749011219<\/p>\t\t\t\t\t\t\t\t<\/div>\n\t\t\t\t<\/div>\n\t\t\t\t<\/div>\n\t\t<div class=\"elementor-element elementor-element-4e43f39 e-con-full e-flex e-con e-child\" data-id=\"4e43f39\" data-element_type=\"container\">\n\t\t\t\t<div class=\"elementor-element elementor-element-229c4a9 elementor-widget elementor-widget-google_maps\" data-id=\"229c4a9\" data-element_type=\"widget\" data-widget_type=\"google_maps.default\">\n\t\t\t\t<div class=\"elementor-widget-container\">\n\t\t\t\t\t\t\t<div class=\"elementor-custom-embed\">\n\t\t\t<iframe loading=\"lazy\"\n\t\t\t\t\tsrc=\"https:\/\/maps.google.com\/maps?q=%C5%A0al%C4%8Dinink%C5%B3%20%C5%BEuvininkyst%C4%97s%20%C5%ABkis&#038;t=m&#038;z=14&#038;output=embed&#038;iwloc=near\"\n\t\t\t\t\ttitle=\"\u0160al\u010dinink\u0173 \u017euvininkyst\u0117s \u016bkis\"\n\t\t\t\t\taria-label=\"\u0160al\u010dinink\u0173 \u017euvininkyst\u0117s \u016bkis\"\n\t\t\t><\/iframe>\n\t\t<\/div>\n\t\t\t\t\t\t<\/div>\n\t\t\t\t<\/div>\n\t\t\t\t<\/div>\n\t\t\t\t\t<\/div>\n\t\t\t\t<\/div>\n\t\t\t\t<section class=\"elementor-section elementor-top-section elementor-element elementor-element-bffd5c3 elementor-section-boxed elementor-section-height-default elementor-section-height-default\" data-id=\"bffd5c3\" data-element_type=\"section\">\n\t\t\t\t\t\t<div class=\"elementor-container elementor-column-gap-wider\">\n\t\t\t\t\t<div class=\"elementor-column elementor-col-100 elementor-top-column elementor-element elementor-element-705d7b3\" data-id=\"705d7b3\" data-element_type=\"column\">\n\t\t\t<div class=\"elementor-widget-wrap elementor-element-populated\">\n\t\t\t\t\t\t<section class=\"elementor-section elementor-inner-section elementor-element elementor-element-b1c8e8b elementor-section-boxed elementor-section-height-default elementor-section-height-default\" data-id=\"b1c8e8b\" data-element_type=\"section\" data-settings=\"{&quot;background_background&quot;:&quot;classic&quot;}\">\n\t\t\t\t\t\t<div class=\"elementor-container elementor-column-gap-wider\">\n\t\t\t\t\t<div class=\"elementor-column elementor-col-100 elementor-inner-column elementor-element elementor-element-3ab05a7\" data-id=\"3ab05a7\" data-element_type=\"column\">\n\t\t\t<div class=\"elementor-widget-wrap elementor-element-populated\">\n\t\t\t\t\t\t<div class=\"elementor-element elementor-element-921fd84 elementor-widget elementor-widget-heading\" data-id=\"921fd84\" data-element_type=\"widget\" data-widget_type=\"heading.default\">\n\t\t\t\t<div class=\"elementor-widget-container\">\n\t\t\t\t\t<h4 class=\"elementor-heading-title elementor-size-default\">Questions? Please contact<\/h4>\t\t\t\t<\/div>\n\t\t\t\t<\/div>\n\t\t\t\t<div class=\"elementor-element elementor-element-1b19951 elementor-widget elementor-widget-spacer\" data-id=\"1b19951\" data-element_type=\"widget\" data-widget_type=\"spacer.default\">\n\t\t\t\t<div class=\"elementor-widget-container\">\n\t\t\t\t\t\t\t<div class=\"elementor-spacer\">\n\t\t\t<div class=\"elementor-spacer-inner\"><\/div>\n\t\t<\/div>\n\t\t\t\t\t\t<\/div>\n\t\t\t\t<\/div>\n\t\t\t\t<div class=\"elementor-element elementor-element-4d9534a elementor-button-align-stretch elementor-widget elementor-widget-form\" data-id=\"4d9534a\" data-element_type=\"widget\" data-settings=\"{&quot;step_next_label&quot;:&quot;Next&quot;,&quot;step_previous_label&quot;:&quot;Previous&quot;,&quot;button_width&quot;:&quot;100&quot;,&quot;step_type&quot;:&quot;number_text&quot;,&quot;step_icon_shape&quot;:&quot;circle&quot;}\" data-widget_type=\"form.default\">\n\t\t\t\t<div class=\"elementor-widget-container\">\n\t\t\t\t\t\t\t<form class=\"elementor-form\" method=\"post\" name=\"New Form\" aria-label=\"New Form\">\n\t\t\t<input type=\"hidden\" name=\"post_id\" value=\"10232\"\/>\n\t\t\t<input type=\"hidden\" name=\"form_id\" value=\"4d9534a\"\/>\n\t\t\t<input type=\"hidden\" name=\"referer_title\" value=\"Contact | SZU - \u0160al\u010dinink\u0173 \u017duvininkyst\u0117s \u016akis\" \/>\n\n\t\t\t\t\t\t\t<input type=\"hidden\" name=\"queried_id\" value=\"10232\"\/>\n\t\t\t\n\t\t\t<div class=\"elementor-form-fields-wrapper elementor-labels-above\">\n\t\t\t\t\t\t\t\t<div class=\"elementor-field-type-text elementor-field-group elementor-column elementor-field-group-name elementor-col-100 elementor-field-required elementor-mark-required\">\n\t\t\t\t\t\t\t\t\t\t\t\t<label for=\"form-field-name\" class=\"elementor-field-label\">\n\t\t\t\t\t\t\t\tName\t\t\t\t\t\t\t<\/label>\n\t\t\t\t\t\t\t\t\t\t\t\t\t\t<input size=\"1\" type=\"text\" name=\"form_fields[name]\" id=\"form-field-name\" class=\"elementor-field elementor-size-lg  elementor-field-textual\" placeholder=\"Name\" required=\"required\">\n\t\t\t\t\t\t\t\t\t\t\t<\/div>\n\t\t\t\t\t\t\t\t<div class=\"elementor-field-type-email elementor-field-group elementor-column elementor-field-group-email elementor-col-100 elementor-field-required elementor-mark-required\">\n\t\t\t\t\t\t\t\t\t\t\t\t<label for=\"form-field-email\" class=\"elementor-field-label\">\n\t\t\t\t\t\t\t\tEmail\t\t\t\t\t\t\t<\/label>\n\t\t\t\t\t\t\t\t\t\t\t\t\t\t<input size=\"1\" type=\"email\" name=\"form_fields[email]\" id=\"form-field-email\" class=\"elementor-field elementor-size-lg  elementor-field-textual\" placeholder=\"Email\" required=\"required\">\n\t\t\t\t\t\t\t\t\t\t\t<\/div>\n\t\t\t\t\t\t\t\t<div class=\"elementor-field-type-textarea elementor-field-group elementor-column elementor-field-group-message elementor-col-100\">\n\t\t\t\t\t\t\t\t\t\t\t\t<label for=\"form-field-message\" class=\"elementor-field-label\">\n\t\t\t\t\t\t\t\tMessage to\t\t\t\t\t\t\t<\/label>\n\t\t\t\t\t\t<textarea class=\"elementor-field-textual elementor-field  elementor-size-lg\" name=\"form_fields[message]\" id=\"form-field-message\" rows=\"6\" placeholder=\"Message to\"><\/textarea>\t\t\t\t<\/div>\n\t\t\t\t\t\t\t\t<div class=\"elementor-field-type-acceptance elementor-field-group elementor-column elementor-field-group-field_27e51b66a elementor-col-100\">\n\t\t\t\t\t\t\t<div class=\"elementor-field-subgroup\">\n\t\t\t<span class=\"elementor-field-option\">\n\t\t\t\t<input type=\"checkbox\" name=\"form_fields[field_27e51b66a]\" id=\"form-field-field_27e51b66a\" class=\"elementor-field elementor-size-lg  elementor-acceptance-field\">\n\t\t\t\t<label for=\"form-field-field_27e51b66a\">By using this form, you consent to the storage and processing of your data on this website.<\/label>\t\t\t<\/span>\n\t\t<\/div>\n\t\t\t\t\t\t<\/div>\n\t\t\t\t\t\t\t\t<div class=\"elementor-field-group elementor-column elementor-field-type-submit elementor-col-100 e-form__buttons\">\n\t\t\t\t\t<button class=\"elementor-button elementor-size-lg\" type=\"submit\">\n\t\t\t\t\t\t<span class=\"elementor-button-content-wrapper\">\n\t\t\t\t\t\t\t\t\t\t\t\t\t\t\t\t\t\t\t\t\t\t<span class=\"elementor-button-text\">Send a message<\/span>\n\t\t\t\t\t\t\t\t\t\t\t\t\t<\/span>\n\t\t\t\t\t<\/button>\n\t\t\t\t<\/div>\n\t\t\t<\/div>\n\t\t<\/form>\n\t\t\t\t\t\t<\/div>\n\t\t\t\t<\/div>\n\t\t\t\t\t<\/div>\n\t\t<\/div>\n\t\t\t\t\t<\/div>\n\t\t<\/section>\n\t\t\t\t\t<\/div>\n\t\t<\/div>\n\t\t\t\t\t<\/div>\n\t\t<\/section>\n\t\t<div class=\"elementor-element elementor-element-e3cd413 e-flex e-con-boxed e-con e-parent\" data-id=\"e3cd413\" data-element_type=\"container\">\n\t\t\t\t\t<div class=\"e-con-inner\">\n\t\t\t\t<div class=\"elementor-element elementor-element-80e08a7 elementor-widget elementor-widget-heading\" data-id=\"80e08a7\" data-element_type=\"widget\" data-widget_type=\"heading.default\">\n\t\t\t\t<div class=\"elementor-widget-container\">\n\t\t\t\t\t<h2 class=\"elementor-heading-title elementor-size-default\">Our partners<\/h2>\t\t\t\t<\/div>\n\t\t\t\t<\/div>\n\t\t\t\t\t<\/div>\n\t\t\t\t<\/div>\n\t\t<div class=\"elementor-element elementor-element-82e5fb7 e-flex e-con-boxed e-con e-parent\" data-id=\"82e5fb7\" data-element_type=\"container\">\n\t\t\t\t\t<div class=\"e-con-inner\">\n\t\t<div class=\"elementor-element elementor-element-3ac7e50 e-con-full e-flex e-con e-child\" data-id=\"3ac7e50\" data-element_type=\"container\">\n\t\t\t\t<div class=\"elementor-element elementor-element-b445599 elementor-widget elementor-widget-image\" data-id=\"b445599\" data-element_type=\"widget\" data-widget_type=\"image.default\">\n\t\t\t\t<div class=\"elementor-widget-container\">\n\t\t\t\t\t\t\t\t\t\t\t\t\t\t\t<img decoding=\"async\" width=\"273\" height=\"141\" src=\"https:\/\/www.szu.lt\/wp-content\/uploads\/2023\/11\/Vilkauda-logo.jpg\" class=\"attachment-large size-large wp-image-10028\" alt=\"\" \/>\t\t\t\t\t\t\t\t\t\t\t\t\t\t\t<\/div>\n\t\t\t\t<\/div>\n\t\t\t\t<\/div>\n\t\t<div class=\"elementor-element elementor-element-4f12ac6 e-con-full e-flex e-con e-child\" data-id=\"4f12ac6\" data-element_type=\"container\">\n\t\t\t\t<div class=\"elementor-element elementor-element-b0eec70 elementor-widget elementor-widget-image\" data-id=\"b0eec70\" data-element_type=\"widget\" data-widget_type=\"image.default\">\n\t\t\t\t<div class=\"elementor-widget-container\">\n\t\t\t\t\t\t\t\t\t\t\t\t\t\t\t<img fetchpriority=\"high\" decoding=\"async\" width=\"356\" height=\"141\" src=\"https:\/\/www.szu.lt\/wp-content\/uploads\/2023\/11\/Kurana-logo.jpg\" class=\"attachment-large size-large wp-image-10026\" alt=\"\" \/>\t\t\t\t\t\t\t\t\t\t\t\t\t\t\t<\/div>\n\t\t\t\t<\/div>\n\t\t\t\t<\/div>\n\t\t<div class=\"elementor-element elementor-element-4e49e0d e-con-full e-flex e-con e-child\" data-id=\"4e49e0d\" data-element_type=\"container\">\n\t\t\t\t<div class=\"elementor-element elementor-element-0424096 elementor-widget elementor-widget-image\" data-id=\"0424096\" data-element_type=\"widget\" data-widget_type=\"image.default\">\n\t\t\t\t<div class=\"elementor-widget-container\">\n\t\t\t\t\t\t\t\t\t\t\t\t\t\t\t<img decoding=\"async\" width=\"178\" height=\"141\" src=\"https:\/\/www.szu.lt\/wp-content\/uploads\/2023\/11\/IKI_logo.jpg\" class=\"attachment-large size-large wp-image-10024\" alt=\"\" \/>\t\t\t\t\t\t\t\t\t\t\t\t\t\t\t<\/div>\n\t\t\t\t<\/div>\n\t\t\t\t<\/div>\n\t\t<div class=\"elementor-element elementor-element-76fad14 e-con-full e-flex e-con e-child\" data-id=\"76fad14\" data-element_type=\"container\">\n\t\t\t\t<div class=\"elementor-element elementor-element-10b6e6c elementor-widget elementor-widget-image\" data-id=\"10b6e6c\" data-element_type=\"widget\" data-widget_type=\"image.default\">\n\t\t\t\t<div class=\"elementor-widget-container\">\n\t\t\t\t\t\t\t\t\t\t\t\t\t\t\t<img loading=\"lazy\" decoding=\"async\" width=\"140\" height=\"141\" src=\"https:\/\/www.szu.lt\/wp-content\/uploads\/2023\/11\/ezgif-4-65d4dc4ad0.jpg\" class=\"attachment-large size-large wp-image-10022\" alt=\"\" \/>\t\t\t\t\t\t\t\t\t\t\t\t\t\t\t<\/div>\n\t\t\t\t<\/div>\n\t\t\t\t<\/div>\n\t\t<div class=\"elementor-element elementor-element-94deea2 e-con-full e-flex e-con e-child\" data-id=\"94deea2\" data-element_type=\"container\">\n\t\t\t\t<div class=\"elementor-element elementor-element-d7d7717 elementor-widget elementor-widget-image\" data-id=\"d7d7717\" data-element_type=\"widget\" data-widget_type=\"image.default\">\n\t\t\t\t<div class=\"elementor-widget-container\">\n\t\t\t\t\t\t\t\t\t\t\t\t\t\t\t<img loading=\"lazy\" decoding=\"async\" width=\"209\" height=\"81\" src=\"https:\/\/www.szu.lt\/wp-content\/uploads\/2023\/11\/Baltic-Agro-logo.jpg\" class=\"attachment-large size-large wp-image-10020\" alt=\"\" \/>\t\t\t\t\t\t\t\t\t\t\t\t\t\t\t<\/div>\n\t\t\t\t<\/div>\n\t\t\t\t<\/div>\n\t\t<div class=\"elementor-element elementor-element-59e2d37 e-con-full e-flex e-con e-child\" data-id=\"59e2d37\" data-element_type=\"container\">\n\t\t\t\t<div class=\"elementor-element elementor-element-7fc790e elementor-widget elementor-widget-image\" data-id=\"7fc790e\" data-element_type=\"widget\" data-widget_type=\"image.default\">\n\t\t\t\t<div class=\"elementor-widget-container\">\n\t\t\t\t\t\t\t\t\t\t\t\t\t\t\t<img loading=\"lazy\" decoding=\"async\" width=\"269\" height=\"141\" src=\"https:\/\/www.szu.lt\/wp-content\/uploads\/2023\/11\/Agro-Rodeo-logo.jpg\" class=\"attachment-large size-large wp-image-10018\" alt=\"\" \/>\t\t\t\t\t\t\t\t\t\t\t\t\t\t\t<\/div>\n\t\t\t\t<\/div>\n\t\t\t\t<\/div>\n\t\t\t\t\t<\/div>\n\t\t\t\t<\/div>\n\t\t<div class=\"elementor-element elementor-element-1f4e83b e-flex e-con-boxed e-con e-parent\" data-id=\"1f4e83b\" data-element_type=\"container\">\n\t\t\t\t\t<div class=\"e-con-inner\">\n\t\t\t\t<div class=\"elementor-element elementor-element-59160cd elementor-widget elementor-widget-image\" data-id=\"59160cd\" data-element_type=\"widget\" data-widget_type=\"image.default\">\n\t\t\t\t<div class=\"elementor-widget-container\">\n\t\t\t\t\t\t\t\t\t\t\t\t\t\t\t<img loading=\"lazy\" decoding=\"async\" width=\"523\" height=\"125\" src=\"https:\/\/www.szu.lt\/wp-content\/uploads\/2023\/11\/lzrvvgt.jpg\" class=\"attachment-large size-large wp-image-10030\" alt=\"\" \/>\t\t\t\t\t\t\t\t\t\t\t\t\t\t\t<\/div>\n\t\t\t\t<\/div>\n\t\t\t\t\t<\/div>\n\t\t\t\t<\/div>\n\t\t\t\t<\/div>\n\t\t","protected":false},"excerpt":{"rendered":"<p>UAB \u0160al\u010dininkai Fish FarmReg.: LT-17127 \u0160al\u010dininkai raj.Tribonys km., Lithuania Parko street 1, Tribonii village,\u0160al\u010dininkai district, LT-17127, Lithuania.Tel. +370 5 270 50 50Fisherman Irena \u010ceniauskien\u0117 : +370 6 128 66 58Agronomist : +370 6 167 74 38E-mail..:\u00a0salcininkuzuvis@szu.lt Props toAnswer. OJ L 283, 30.12.2003, p. 1. LT204010044400000144Luminor bankas, AB \u0160al\u010dininkai branchBank code: 40100Company. Code: 174901124VAT ID: EN&hellip;<\/p>\n","protected":false},"author":1,"featured_media":0,"parent":0,"menu_order":900,"comment_status":"closed","ping_status":"closed","template":"","meta":{"footnotes":""},"class_list":["post-10232","page","type-page","status-publish","hentry"],"aioseo_notices":[],"_links":{"self":[{"href":"https:\/\/www.szu.lt\/en\/wp-json\/wp\/v2\/pages\/10232","targetHints":{"allow":["GET"]}}],"collection":[{"href":"https:\/\/www.szu.lt\/en\/wp-json\/wp\/v2\/pages"}],"about":[{"href":"https:\/\/www.szu.lt\/en\/wp-json\/wp\/v2\/types\/page"}],"author":[{"embeddable":true,"href":"https:\/\/www.szu.lt\/en\/wp-json\/wp\/v2\/users\/1"}],"replies":[{"embeddable":true,"href":"https:\/\/www.szu.lt\/en\/wp-json\/wp\/v2\/comments?post=10232"}],"version-history":[{"count":3,"href":"https:\/\/www.szu.lt\/en\/wp-json\/wp\/v2\/pages\/10232\/revisions"}],"predecessor-version":[{"id":10841,"href":"https:\/\/www.szu.lt\/en\/wp-json\/wp\/v2\/pages\/10232\/revisions\/10841"}],"wp:attachment":[{"href":"https:\/\/www.szu.lt\/en\/wp-json\/wp\/v2\/media?parent=10232"}],"curies":[{"name":"wp","href":"https:\/\/api.w.org\/{rel}","templated":true}]}}