{"id":10203,"date":"2023-11-05T01:20:07","date_gmt":"2023-11-05T01:20:07","guid":{"rendered":"https:\/\/www.szu.lt\/aquaculture\/"},"modified":"2024-03-13T17:59:46","modified_gmt":"2024-03-13T17:59:46","slug":"aquaculture","status":"publish","type":"page","link":"https:\/\/www.szu.lt\/en\/aquaculture\/","title":{"rendered":"Aquaculture"},"content":{"rendered":"\t\t<div data-elementor-type=\"wp-page\" data-elementor-id=\"10203\" class=\"elementor elementor-10203 elementor-8249\" data-elementor-post-type=\"page\">\n\t\t\t\t<div class=\"elementor-element elementor-element-27ce6f3 e-flex e-con-boxed e-con e-parent\" data-id=\"27ce6f3\" data-element_type=\"container\">\n\t\t\t\t\t<div class=\"e-con-inner\">\n\t\t<div class=\"elementor-element elementor-element-a7fd15b e-con-full e-flex e-con e-child\" data-id=\"a7fd15b\" data-element_type=\"container\">\n\t\t\t\t<div class=\"elementor-element elementor-element-c183ea7 elementor-arrows-position-inside elementor-pagination-position-outside elementor-widget elementor-widget-image-carousel\" data-id=\"c183ea7\" data-element_type=\"widget\" data-settings=\"{&quot;slides_to_show&quot;:&quot;1&quot;,&quot;navigation&quot;:&quot;both&quot;,&quot;autoplay&quot;:&quot;yes&quot;,&quot;pause_on_hover&quot;:&quot;yes&quot;,&quot;pause_on_interaction&quot;:&quot;yes&quot;,&quot;autoplay_speed&quot;:5000,&quot;infinite&quot;:&quot;yes&quot;,&quot;effect&quot;:&quot;slide&quot;,&quot;speed&quot;:500}\" data-widget_type=\"image-carousel.default\">\n\t\t\t\t<div class=\"elementor-widget-container\">\n\t\t\t\t\t\t\t<div class=\"elementor-image-carousel-wrapper swiper\" role=\"region\" aria-roledescription=\"carousel\" aria-label=\"Image Carousel\" dir=\"ltr\">\n\t\t\t<div class=\"elementor-image-carousel swiper-wrapper\" aria-live=\"off\">\n\t\t\t\t\t\t\t\t<div class=\"swiper-slide\" role=\"group\" aria-roledescription=\"slide\" aria-label=\"1 of 2\"><figure class=\"swiper-slide-inner\"><img decoding=\"async\" class=\"swiper-slide-image\" src=\"https:\/\/www.szu.lt\/wp-content\/uploads\/2023\/11\/DJI_0030.jpg\" alt=\"DJI_0030\" \/><\/figure><\/div><div class=\"swiper-slide\" role=\"group\" aria-roledescription=\"slide\" aria-label=\"2 of 2\"><figure class=\"swiper-slide-inner\"><img decoding=\"async\" class=\"swiper-slide-image\" src=\"https:\/\/www.szu.lt\/wp-content\/uploads\/revslider\/video-media\/UAB-_Salcininku-Zuvininkystes-Ukis_-SZU_1_layer.jpeg\" alt=\"UAB-_Salcininku-Zuvininkystes-Ukis_-SZU_1_layer.jpeg\" \/><\/figure><\/div>\t\t\t<\/div>\n\t\t\t\t\t\t\t\t\t\t\t\t<div class=\"elementor-swiper-button elementor-swiper-button-prev\" role=\"button\" tabindex=\"0\">\n\t\t\t\t\t\t<svg aria-hidden=\"true\" class=\"e-font-icon-svg e-eicon-chevron-left\" viewBox=\"0 0 1000 1000\" xmlns=\"http:\/\/www.w3.org\/2000\/svg\"><path d=\"M646 125C629 125 613 133 604 142L308 442C296 454 292 471 292 487 292 504 296 521 308 533L604 854C617 867 629 875 646 875 663 875 679 871 692 858 704 846 713 829 713 812 713 796 708 779 692 767L438 487 692 225C700 217 708 204 708 187 708 171 704 154 692 142 675 129 663 125 646 125Z\"><\/path><\/svg>\t\t\t\t\t<\/div>\n\t\t\t\t\t<div class=\"elementor-swiper-button elementor-swiper-button-next\" role=\"button\" tabindex=\"0\">\n\t\t\t\t\t\t<svg aria-hidden=\"true\" class=\"e-font-icon-svg e-eicon-chevron-right\" viewBox=\"0 0 1000 1000\" xmlns=\"http:\/\/www.w3.org\/2000\/svg\"><path d=\"M696 533C708 521 713 504 713 487 713 471 708 454 696 446L400 146C388 133 375 125 354 125 338 125 325 129 313 142 300 154 292 171 292 187 292 204 296 221 308 233L563 492 304 771C292 783 288 800 288 817 288 833 296 850 308 863 321 871 338 875 354 875 371 875 388 867 400 854L696 533Z\"><\/path><\/svg>\t\t\t\t\t<\/div>\n\t\t\t\t\n\t\t\t\t\t\t\t\t\t<div class=\"swiper-pagination\"><\/div>\n\t\t\t\t\t\t\t\t\t<\/div>\n\t\t\t\t\t\t<\/div>\n\t\t\t\t<\/div>\n\t\t\t\t<\/div>\n\t\t<div class=\"elementor-element elementor-element-2dba735 e-con-full e-flex e-con e-child\" data-id=\"2dba735\" data-element_type=\"container\">\n\t\t\t\t<div class=\"elementor-element elementor-element-c477209 elementor-widget elementor-widget-text-editor\" data-id=\"c477209\" data-element_type=\"widget\" data-widget_type=\"text-editor.default\">\n\t\t\t\t<div class=\"elementor-widget-container\">\n\t\t\t\t\t\t\t\t\t<div>\n<p>UAB \u0160al\u010dininkai \u017duvininkyst\u0117s \u016akis was founded in 1966 and has been operating consistently since then. Our company specialises in agriculture, fisheries, manufacturing, trade and services.<\/p>\n<p>Fisheries is one of our main economic activities and one of the main focuses of our attention. Our farm produces a wide range of fish species that not only meet high standards, but also provide quality food for our customers.<\/p>\n<p>Our fish farm produces mirror carp, sturgeon, grass carp, grass carp, pike, pikeperch, tench, perch, crucian carp and broadbill. As well as providing high quality fish products, we aim to respect the environment and contribute to the sustainable development of fisheries.<\/p>\n<\/div>\n<div> <\/div>\n\t\t\t\t\t\t\t\t<\/div>\n\t\t\t\t<\/div>\n\t\t\t\t<\/div>\n\t\t\t\t\t<\/div>\n\t\t\t\t<\/div>\n\t\t<div class=\"elementor-element elementor-element-091c232 e-flex e-con-boxed e-con e-parent\" data-id=\"091c232\" data-element_type=\"container\">\n\t\t\t\t\t<div class=\"e-con-inner\">\n\t\t<div class=\"elementor-element elementor-element-81750cd e-con-full e-flex e-con e-child\" data-id=\"81750cd\" data-element_type=\"container\">\n\t\t\t\t<div class=\"elementor-element elementor-element-37c1e11 elementor-widget elementor-widget-video\" data-id=\"37c1e11\" data-element_type=\"widget\" data-settings=\"{&quot;youtube_url&quot;:&quot;https:\\\/\\\/youtu.be\\\/c3tGxx10LW8&quot;,&quot;video_type&quot;:&quot;youtube&quot;,&quot;controls&quot;:&quot;yes&quot;}\" data-widget_type=\"video.default\">\n\t\t\t\t<div class=\"elementor-widget-container\">\n\t\t\t\t\t\t\t<div class=\"elementor-wrapper elementor-open-inline\">\n\t\t\t<div class=\"elementor-video\"><\/div>\t\t<\/div>\n\t\t\t\t\t\t<\/div>\n\t\t\t\t<\/div>\n\t\t\t\t<\/div>\n\t\t<div class=\"elementor-element elementor-element-a28bcc5 e-con-full e-flex e-con e-child\" data-id=\"a28bcc5\" data-element_type=\"container\">\n\t\t\t\t<div class=\"elementor-element elementor-element-53332e3 elementor-widget elementor-widget-heading\" data-id=\"53332e3\" data-element_type=\"widget\" data-widget_type=\"heading.default\">\n\t\t\t\t<div class=\"elementor-widget-container\">\n\t\t\t\t\t<h5 class=\"elementor-heading-title elementor-size-default\">Selling price of live fish<\/h5>\t\t\t\t<\/div>\n\t\t\t\t<\/div>\n\t\t\t\t<div class=\"elementor-element elementor-element-a21116b elementor-widget elementor-widget-html\" data-id=\"a21116b\" data-element_type=\"widget\" data-widget_type=\"html.default\">\n\t\t\t\t<div class=\"elementor-widget-container\">\n\t\t\t\t\t<style>\n    .custom-table {\n  width: auto;\n  border-collapse: collapse;\n}\n\n.custom-table th,\n.custom-table td {\n  text-align: center;\n  border: 1px solid black;\n  padding: 8px;\n  width:25%;\n}\n<\/style>\n\n<table border=\"1\" class=\"custom-table\">\n  <tr>\n    <th><\/th>\n    <th>10 gr. - 100 gr.<\/th>\n    <th>100 gr. - 400 gr.<\/th>\n    <th>1 kg - 3 kg<\/th>\n  <\/tr>\n  <tr>\n    <td>Carp<\/td>\n    <td>EUR 7,5\/kg<\/td>\n    <td>EUR 5,5\/kg<\/td>\n    <td>EUR 4,5\/kg<\/td>\n  <\/tr>\n  <tr>\n    <td>Amur<\/td>\n    <td>12 EUR\/kg<\/td>\n    <td>EUR 8\/kg<\/td>\n    <td>EUR 6\/kg<\/td>\n  <\/tr>\n  <tr>\n    <td>Handkerchief<\/td>\n    <td>11 EUR\/kg<\/td>\n    <td>EUR 7\/kg<\/td>\n    <td>EUR 5\/kg<\/td>\n  <\/tr>\n  <tr>\n    <td>Rope<\/td>\n    <td>11 EUR\/kg<\/td>\n    <td>EUR 7\/kg<\/td>\n    <td>EUR 5\/kg<\/td>\n  <\/tr>\n<\/table>\n\n<table border=\"1\" class=\"custom-table\">\n  <tr>\n    <th><\/th>\n    <th>50 gr. - 150 gr.<\/th>\n    <th>200 gr. - 1 kg.<\/th>\n    <th>1,5 kg. - 4 kg.<\/th>\n  <\/tr>\n  <tr>\n    <td>Lydeka<\/td>\n    <td>11 EUR\/kg<\/td>\n    <td>EUR 7\/kg<\/td>\n    <td>EUR 5\/kg<\/td>\n  <\/tr>\n<\/table>\n\n<table border=\"1\" class=\"custom-table\">\n  <tr>\n    <th><\/th>\n    <th>2 kg - 15 kg<\/th>\n  <\/tr>\n  <tr>\n    <td>Stubble<\/td>\n    <td>EUR 6,5\/kg<\/td>\n  <\/tr>\n<\/table>\t\t\t\t<\/div>\n\t\t\t\t<\/div>\n\t\t\t\t<\/div>\n\t\t\t\t\t<\/div>\n\t\t\t\t<\/div>\n\t\t\t\t<\/div>\n\t\t","protected":false},"excerpt":{"rendered":"<p>UAB \u0160al\u010dininkai \u017duvininkyst\u0117s \u016akis was founded in 1966 and has been operating consistently since then. Our company specialises in agriculture, fisheries, manufacturing, trade and services. Fisheries is one of our main economic activities and one of the main focuses of our attention. Our farm produces a wide range of fish species that not only meet&hellip;<\/p>\n","protected":false},"author":1,"featured_media":0,"parent":0,"menu_order":0,"comment_status":"closed","ping_status":"closed","template":"","meta":{"footnotes":""},"class_list":["post-10203","page","type-page","status-publish","hentry"],"aioseo_notices":[],"_links":{"self":[{"href":"https:\/\/www.szu.lt\/en\/wp-json\/wp\/v2\/pages\/10203","targetHints":{"allow":["GET"]}}],"collection":[{"href":"https:\/\/www.szu.lt\/en\/wp-json\/wp\/v2\/pages"}],"about":[{"href":"https:\/\/www.szu.lt\/en\/wp-json\/wp\/v2\/types\/page"}],"author":[{"embeddable":true,"href":"https:\/\/www.szu.lt\/en\/wp-json\/wp\/v2\/users\/1"}],"replies":[{"embeddable":true,"href":"https:\/\/www.szu.lt\/en\/wp-json\/wp\/v2\/comments?post=10203"}],"version-history":[{"count":0,"href":"https:\/\/www.szu.lt\/en\/wp-json\/wp\/v2\/pages\/10203\/revisions"}],"wp:attachment":[{"href":"https:\/\/www.szu.lt\/en\/wp-json\/wp\/v2\/media?parent=10203"}],"curies":[{"name":"wp","href":"https:\/\/api.w.org\/{rel}","templated":true}]}}